{"id":1580,"date":"2025-06-12T06:08:48","date_gmt":"2025-06-12T06:08:48","guid":{"rendered":"https:\/\/customcncrouter.com\/?post_type=product&#038;p=1580"},"modified":"2025-06-12T06:15:07","modified_gmt":"2025-06-12T06:15:07","slug":"ptp-woodworking-drlling-machine-center","status":"publish","type":"product","link":"https:\/\/customcncrouter.com\/pt\/ptp-woodworking-drlling-machine-center\/","title":{"rendered":"Centro de m\u00e1quinas de perfura\u00e7\u00e3o para trabalhar madeira PTP ST-1330"},"content":{"rendered":"<p>perfura\u00e7\u00e3o para trabalhos pesados\u00a0<strong><b>PTP<\/b><\/strong>\u00a0<strong><b>M\u00e1quina CNC<\/b><\/strong>.<\/p>\n<p>1 O corpo da m\u00e1quina \u00e9 feito por centro de fresagem cnc e tratamento t\u00e9rmico, o que pode garantir a estabilidade e a vida \u00fatil da m\u00e1quina.<\/p>\n<p>2 H\u00e1 quatro zonas de trabalho, pode fazer a forma de trabalho do p\u00eandulo. A velocidade de trabalho \u00e9 r\u00e1pida e precisa, o design humanizado torna conveniente para os trabalhadores carregarem \/ descarregarem as pe\u00e7as. A interface de controlo \u00e9 humanizada, programa\u00e7\u00e3o modular, pedal para ser usado para controlar a carga \/ descarga.<\/p>\n<p>3 \u00e9 adequado para o processamento de mobili\u00e1rio personalizado (arm\u00e1rio, arm\u00e1rio), mobili\u00e1rio de painel e produ\u00e7\u00e3o de tubagens em lote.<\/p>\n<p>O centro de fresagem e perfura\u00e7\u00e3o PTP CNC para m\u00f3veis de madeira \u00e9 projetado para atender a diversos requisitos de processamento complicados, altamente vers\u00e1til com roteamento, perfura\u00e7\u00e3o, corte, fresagem lateral, serragem e outras fun\u00e7\u00f5es.  Mesa de v\u00e1cuo equipada com ventosas. Cortar a folha inteira para o tamanho ideal, fresar, furar, serrar, cortar e fresar - m\u00faltiplas fun\u00e7\u00f5es, tudo num s\u00f3. F\u00e1cil de carregar e descarregar, gasta menos tempo mas aproveita mais.<\/p>\n<table>\n<tbody>\n<tr>\n<td width=\"134\">Modelo<\/td>\n<td width=\"235\">ST-1545<\/td>\n<td width=\"199\">\u00a0\u00a0\u00a0\u00a0\u00a0\u00a0ST-1330<\/td>\n<\/tr>\n<tr>\n<td width=\"134\">Tamanho de viagem<\/td>\n<td width=\"235\">4750*2500*300mm<\/td>\n<td width=\"199\">3400*1640*250mm<\/td>\n<\/tr>\n<tr>\n<td width=\"134\">Tamanho m\u00e1ximo de trabalho<\/td>\n<td width=\"235\">4500*1500*300mm<\/td>\n<td width=\"199\">3000*1300*100mm<\/td>\n<\/tr>\n<tr>\n<td width=\"134\">Zona de trabalho<\/td>\n<td colspan=\"2\" width=\"435\">4 ou 2 zonas de trabalho\/modo de trabalho pendular<\/td>\n<\/tr>\n<tr>\n<td width=\"134\">Transmiss\u00e3o<\/td>\n<td colspan=\"2\" width=\"435\">Acionamento por cremalheira e pinh\u00e3o X\/Y, acionamento por fuso de esferas Z<\/td>\n<\/tr>\n<tr>\n<td width=\"134\">Estrutura do quadro<\/td>\n<td colspan=\"2\" width=\"435\">Barras de alum\u00ednio x10pcs com almofadas de v\u00e1cuo m\u00f3veis<\/td>\n<\/tr>\n<tr>\n<td width=\"134\">Pot\u00eancia do fuso<\/td>\n<td width=\"235\">12 KW\/Refrigera\u00e7\u00e3o a ar\/HSK-F63<\/td>\n<td width=\"199\">12 KW\/Refrigera\u00e7\u00e3o a ar\/HSK-F63<\/td>\n<\/tr>\n<tr>\n<td width=\"134\">Sistema de condu\u00e7\u00e3o<\/td>\n<td width=\"235\">Servomotor de 1300 W\/Yaskawa<\/td>\n<td width=\"199\">\u00a0\u00a0Servo motor de 1300 W \/Yaskawa<\/td>\n<\/tr>\n<tr>\n<td width=\"134\">Controlador<\/td>\n<td width=\"235\">Controlador TPA italiano (Mechatrolink II)\/osai<\/td>\n<td width=\"199\">Controlador TPA italiano\/osai<\/td>\n<\/tr>\n<tr>\n<td width=\"134\">Velocidade m\u00e1xima do fuso<\/td>\n<td width=\"235\">24000r\/min<\/td>\n<td width=\"199\">24000r\/min<\/td>\n<\/tr>\n<tr>\n<td width=\"134\">Velocidade m\u00e1xima de desloca\u00e7\u00e3o<\/td>\n<td width=\"235\">80m\/min<\/td>\n<td width=\"199\">80m\/min<\/td>\n<\/tr>\n<tr>\n<td width=\"134\">Velocidade de trabalho<\/td>\n<td width=\"235\">20m\/min<\/td>\n<td width=\"199\">20m\/min<\/td>\n<\/tr>\n<tr>\n<td width=\"134\">Precis\u00e3o de reposicionamento<\/td>\n<td width=\"235\">+\/- 0,025mm<\/td>\n<td width=\"199\">+\/- 0,025mm<\/td>\n<\/tr>\n<tr>\n<td width=\"134\">Revista de ferramentas<\/td>\n<td width=\"235\">Carrossel\/Servo\/ 12<\/td>\n<td width=\"199\">Carrossel\/Servo\/ 8<\/td>\n<\/tr>\n<tr>\n<td width=\"134\">Tens\u00e3o<\/td>\n<td width=\"235\">AC380\/3PH\/50HZ<\/td>\n<td width=\"199\">AC380\/3PH\/50HZ<\/td>\n<\/tr>\n<tr>\n<td width=\"134\">Cabe\u00e7a de perfura\u00e7\u00e3o<\/td>\n<td width=\"235\">16V8H2S\/HSD\/It\u00e1lia<\/td>\n<td width=\"199\">9V6H1S\/HSD\/It\u00e1lia<\/td>\n<\/tr>\n<tr>\n<td width=\"134\">Unidade de perfura\u00e7\u00e3o opcional<\/td>\n<td width=\"235\">9V6H1S\/ 7V4H\/ 12V8H2S<\/td>\n<td width=\"199\">10V4H2S\/ 7V4H\/ 12V8H2S<\/td>\n<\/tr>\n<tr>\n<td width=\"134\">Peso l\u00edquido<\/td>\n<td width=\"235\">5600KGS<\/td>\n<td width=\"199\">\u00a0\u00a04000KGS<\/td>\n<\/tr>\n<\/tbody>\n<\/table>","protected":false},"excerpt":{"rendered":"<p><strong>Suntec PTP CNC: Centro de produ\u00e7\u00e3o de mobili\u00e1rio industrial<\/strong>\u200b<br \/>\nInclui fluxo de trabalho pendular de 4 zonas para processamento cont\u00ednuo de pain\u00e9is a velocidades de 80m\/min. Perfura\u00e7\u00e3o de precis\u00e3o (\u00b10,025mm) atrav\u00e9s de fusos HSD (24k RPM) e controladores italianos TPA. Mesa de v\u00e1cuo optimizada para mobili\u00e1rio, com ventosas m\u00f3veis, para folhas de tamanho normal. Estrutura pesada fresada em CNC\/tratada termicamente garante estabilidade.<\/p>","protected":false},"featured_media":1581,"template":"","meta":{"_gspb_post_css":""},"product_brand":[],"product_cat":[38],"product_tag":[],"class_list":{"0":"post-1580","1":"product","2":"type-product","3":"status-publish","4":"has-post-thumbnail","6":"product_cat-3-axis-cnc-router","8":"first","9":"instock","10":"shipping-taxable","11":"product-type-simple"},"_links":{"self":[{"href":"https:\/\/customcncrouter.com\/pt\/wp-json\/wp\/v2\/product\/1580","targetHints":{"allow":["GET"]}}],"collection":[{"href":"https:\/\/customcncrouter.com\/pt\/wp-json\/wp\/v2\/product"}],"about":[{"href":"https:\/\/customcncrouter.com\/pt\/wp-json\/wp\/v2\/types\/product"}],"wp:featuredmedia":[{"embeddable":true,"href":"https:\/\/customcncrouter.com\/pt\/wp-json\/wp\/v2\/media\/1581"}],"wp:attachment":[{"href":"https:\/\/customcncrouter.com\/pt\/wp-json\/wp\/v2\/media?parent=1580"}],"wp:term":[{"taxonomy":"product_brand","embeddable":true,"href":"https:\/\/customcncrouter.com\/pt\/wp-json\/wp\/v2\/product_brand?post=1580"},{"taxonomy":"product_cat","embeddable":true,"href":"https:\/\/customcncrouter.com\/pt\/wp-json\/wp\/v2\/product_cat?post=1580"},{"taxonomy":"product_tag","embeddable":true,"href":"https:\/\/customcncrouter.com\/pt\/wp-json\/wp\/v2\/product_tag?post=1580"}],"curies":[{"name":"wp","href":"https:\/\/api.w.org\/{rel}","templated":true}]}}