{"id":1575,"date":"2025-06-12T05:23:25","date_gmt":"2025-06-12T05:23:25","guid":{"rendered":"https:\/\/customcncrouter.com\/?post_type=product&#038;p=1575"},"modified":"2025-06-12T05:23:25","modified_gmt":"2025-06-12T05:23:25","slug":"mini-5-axis-cnc-milling-machine-for-3d-carving","status":"publish","type":"product","link":"https:\/\/customcncrouter.com\/pt\/mini-5-axis-cnc-milling-machine-for-3d-carving\/","title":{"rendered":"M\u00e1quina de fresagem CNC de 5 eixos MIni para escultura em 3D ST-1010"},"content":{"rendered":"<p>A maquinagem CNC de 5 eixos pode ser utilizada para produzir pe\u00e7as utilizadas em muitos sectores diferentes devido \u00e0 sua efici\u00eancia e \u00e0 capacidade de produzir formas complexas. Eis alguns exemplos de ind\u00fastrias que mais frequentemente tiram partido desta tecnologia:<\/p>\n<p><strong><b>\u00a0<\/b><\/strong><strong><b>Aeroespacial<\/b><\/strong>\u00a0- esta ind\u00fastria requer uma m\u00e1quina muito precisa, uma vez que as formas s\u00e3o muito complexas e \u00fanicas.<\/p>\n<p><strong><b>M\u00e9dico\u00a0<\/b><\/strong>- A maquinagem CNC de 5 eixos pode ajudar os fabricantes de equipamento m\u00e9dico na produ\u00e7\u00e3o de dispositivos, implantes, bem como outras pe\u00e7as de equipamento que necessitam de ser fabricadas com uma precis\u00e3o extra para cumprir as normas de cuidados de sa\u00fade que tendem a ser rigorosas (com raz\u00e3o).<\/p>\n<p><strong><b>Militar<\/b><\/strong>\u00a0- outra ind\u00fastria que utiliza a maquinagem CNC de 5 eixos para produzir as pe\u00e7as necess\u00e1rias. Algumas das aplica\u00e7\u00f5es poss\u00edveis incluem pe\u00e7as para submarinos, pe\u00e7as para motores de elevado desempenho, p\u00e1s de turbinas e compressores, armas inteligentes, sensores, aplica\u00e7\u00f5es furtivas, bem como, em alguns casos, armamento nuclear.<\/p>\n<p><strong><b>Equipamento energ\u00e9tico\u00a0<\/b><\/strong>- A produ\u00e7\u00e3o de pe\u00e7as para equipamento de energia requer frequentemente a utiliza\u00e7\u00e3o de materiais dif\u00edceis de trabalhar. Com a maquinagem CNC de 5 eixos, pode tornar todo o processo mais f\u00e1cil e mais eficiente.<\/p>\n<p>Aplicado para esferovite, espuma eps, fibra de vidro, material de carbono, favo de mel, madeira yougi, material composto, material macio de alum\u00ednio, etc., materiais n\u00e3o met\u00e1licos.<\/p>\n<p>Fresadora cnc de 5 eixos MIni para escultura 3d ST-1010<\/p>\n<p>&nbsp;<\/p>\n<table>\n<tbody>\n<tr>\n<td width=\"537\"><strong><b>Detalhes do eixo Suntec 5\u00a0<\/b><\/strong><\/p>\n<table>\n<tbody>\n<tr>\n<td width=\"46\">N\u00famero<\/td>\n<td width=\"217\">Descri\u00e7\u00e3o<\/td>\n<td width=\"289\">Par\u00e2metro<\/td>\n<\/tr>\n<tr>\n<td width=\"46\">1<\/td>\n<td width=\"217\">X,Y,Z \u00c1rea de trabalho<\/td>\n<td width=\"289\">1000*1000*700mm<\/td>\n<\/tr>\n<tr>\n<td width=\"46\">2<\/td>\n<td width=\"217\">Tamanho da tabela<\/td>\n<td width=\"289\">3300\u00d73300mm*1200<\/td>\n<\/tr>\n<tr>\n<td width=\"46\">3<\/td>\n<td width=\"217\">X,Y,Z Precis\u00e3o de posicionamento de desloca\u00e7\u00e3o<\/td>\n<td width=\"289\">\u00b10,01\/700mm<\/td>\n<\/tr>\n<tr>\n<td width=\"46\">4<\/td>\n<td width=\"217\">Um eixo<\/td>\n<td width=\"289\">A \u00b1110 graus<\/td>\n<\/tr>\n<tr>\n<td width=\"46\">5<\/td>\n<td width=\"217\">C rotativo<\/td>\n<td width=\"289\">C\u00b1 245 graus<\/td>\n<\/tr>\n<tr>\n<td width=\"46\">5<\/td>\n<td width=\"217\">Superf\u00edcie da mesa<\/td>\n<td width=\"289\">Mesa m\u00f3vel<\/td>\n<\/tr>\n<tr>\n<td width=\"46\">6<\/td>\n<td width=\"217\">Moldura<\/td>\n<td width=\"289\">Estrutura de tubo de a\u00e7o grande com tratamento t\u00e9rmico<\/td>\n<\/tr>\n<tr>\n<td width=\"46\">7<\/td>\n<td width=\"217\">X, Y Estrutura<\/td>\n<td width=\"289\">Acionamento de cremalheira e pinh\u00e3o, rolamentos lineares de carril Hiwin<\/td>\n<\/tr>\n<tr>\n<td width=\"46\">8<\/td>\n<td width=\"217\">Estrutura Z<\/td>\n<td width=\"289\">Rolamentos lineares de carril Hiwin e fuso de esferas TBI<\/td>\n<\/tr>\n<tr>\n<td width=\"46\">9<\/td>\n<td width=\"217\">M\u00e1ximo. Consumo de energia<\/td>\n<td width=\"289\">(sem fuso) 15 Kw<\/td>\n<\/tr>\n<tr>\n<td width=\"46\">10<\/td>\n<td width=\"217\">M\u00e1ximo. Velocidade de desloca\u00e7\u00e3o r\u00e1pida<\/td>\n<td width=\"289\">40000mm\/min<\/td>\n<\/tr>\n<tr>\n<td width=\"46\">11<\/td>\n<td width=\"217\">Velocidade m\u00e1x. Velocidade de trabalho<\/td>\n<td width=\"289\">30000mm\/min<\/td>\n<\/tr>\n<tr>\n<td width=\"46\">12<\/td>\n<td width=\"217\">Pot\u00eancia do fuso<\/td>\n<td width=\"289\">10kw<\/td>\n<\/tr>\n<tr>\n<td width=\"46\">13<\/td>\n<td width=\"217\">Velocidade do fuso<\/td>\n<td width=\"289\">0-24000RPM<\/td>\n<\/tr>\n<tr>\n<td width=\"46\">14<\/td>\n<td width=\"217\">Motores de acionamento<\/td>\n<td width=\"289\">Motores Yaskawa<\/td>\n<\/tr>\n<tr>\n<td width=\"46\">15<\/td>\n<td width=\"217\">Tens\u00e3o de funcionamento<\/td>\n<td width=\"289\">AC380V\/50\/60Hz,3PH (Op\u00e7\u00e3o: 220V))<\/td>\n<\/tr>\n<tr>\n<td width=\"46\">16<\/td>\n<td width=\"217\">Linguagem de comando<\/td>\n<td width=\"289\">C\u00f3digo G<\/td>\n<\/tr>\n<tr>\n<td width=\"46\">17<\/td>\n<td width=\"217\">Sistema operativo<\/td>\n<td width=\"289\">Sistema de controlo Syntec\/TPA \/osai<\/td>\n<\/tr>\n<tr>\n<td width=\"46\">18<\/td>\n<td width=\"217\">Interface de computador<\/td>\n<td width=\"289\">USB<\/td>\n<\/tr>\n<tr>\n<td width=\"46\">19<\/td>\n<td width=\"217\">Mem\u00f3ria Flash<\/td>\n<td width=\"289\">512M<\/td>\n<\/tr>\n<tr>\n<td width=\"46\">20<\/td>\n<td width=\"217\">Pin\u00e7a<\/td>\n<td width=\"289\">HSK-F63<\/td>\n<\/tr>\n<tr>\n<td width=\"46\">21<\/td>\n<td width=\"217\">Resolu\u00e7\u00e3o X,Y<\/td>\n<td width=\"289\">&lt;0,01mm<\/td>\n<\/tr>\n<tr>\n<td width=\"46\">22<\/td>\n<td width=\"217\">Compatibilidade de software<\/td>\n<td width=\"289\">\u00a0software powermill UG<\/td>\n<\/tr>\n<tr>\n<td width=\"46\">23<\/td>\n<td width=\"217\">Temperatura ambiente de funcionamento<\/td>\n<td width=\"289\">0 - 45 graus cent\u00edgrados<\/td>\n<\/tr>\n<tr>\n<td width=\"46\">24<\/td>\n<td width=\"217\">Humidade relativa<\/td>\n<td width=\"289\">30%\u00a0&#8211;\u00a075%<\/td>\n<\/tr>\n<tr>\n<td width=\"46\">25<\/td>\n<td width=\"217\">Tamanho da embalagem<\/td>\n<td width=\"289\">5500X2100X2300mm<\/td>\n<\/tr>\n<tr>\n<td width=\"46\">26<\/td>\n<td width=\"217\">N.W.<\/td>\n<td width=\"289\">5000KG<\/td>\n<\/tr>\n<tr>\n<td width=\"46\">27<\/td>\n<td width=\"217\">G.W.<\/td>\n<td width=\"289\">6000kG<\/td>\n<\/tr>\n<\/tbody>\n<\/table>\n<p>&nbsp;<\/td>\n<\/tr>\n<\/tbody>\n<\/table>\n<p>&nbsp;<\/p>","protected":false},"excerpt":{"rendered":"<p><strong>Suntec ST-1010: Precis\u00e3o compacta para escultura e prototipagem 3D complexas<\/strong>\u200b<br \/>\nIdeal para prot\u00f3tipos aeroespaciais, ferramentas m\u00e9dicas e pe\u00e7as de arte complexas. Inclui rota\u00e7\u00e3o de n\u00edvel industrial \u00b1110\u00b0A\/\u00b1245\u00b0C e precis\u00e3o ao n\u00edvel do m\u00edcron (\u00b10,01\/700mm) num espa\u00e7o reduzido. Os motores Yaskawa de alta qualidade e o fuso HSD de 10 kW (24 k RPM) processam fibra de carbono, alum\u00ednio e espumas a velocidades de 40 m\/min. A estrutura em a\u00e7o tratado termicamente garante estabilidade para uma fresagem de elevado pormenor.<\/p>","protected":false},"featured_media":1576,"template":"","meta":{"_gspb_post_css":""},"product_brand":[],"product_cat":[40],"product_tag":[],"class_list":{"0":"post-1575","1":"product","2":"type-product","3":"status-publish","4":"has-post-thumbnail","6":"product_cat-5-axis-cnc-router","8":"first","9":"instock","10":"shipping-taxable","11":"product-type-simple"},"_links":{"self":[{"href":"https:\/\/customcncrouter.com\/pt\/wp-json\/wp\/v2\/product\/1575","targetHints":{"allow":["GET"]}}],"collection":[{"href":"https:\/\/customcncrouter.com\/pt\/wp-json\/wp\/v2\/product"}],"about":[{"href":"https:\/\/customcncrouter.com\/pt\/wp-json\/wp\/v2\/types\/product"}],"wp:featuredmedia":[{"embeddable":true,"href":"https:\/\/customcncrouter.com\/pt\/wp-json\/wp\/v2\/media\/1576"}],"wp:attachment":[{"href":"https:\/\/customcncrouter.com\/pt\/wp-json\/wp\/v2\/media?parent=1575"}],"wp:term":[{"taxonomy":"product_brand","embeddable":true,"href":"https:\/\/customcncrouter.com\/pt\/wp-json\/wp\/v2\/product_brand?post=1575"},{"taxonomy":"product_cat","embeddable":true,"href":"https:\/\/customcncrouter.com\/pt\/wp-json\/wp\/v2\/product_cat?post=1575"},{"taxonomy":"product_tag","embeddable":true,"href":"https:\/\/customcncrouter.com\/pt\/wp-json\/wp\/v2\/product_tag?post=1575"}],"curies":[{"name":"wp","href":"https:\/\/api.w.org\/{rel}","templated":true}]}}