{"id":1560,"date":"2025-06-12T02:53:07","date_gmt":"2025-06-12T02:53:07","guid":{"rendered":"https:\/\/customcncrouter.com\/?post_type=product&#038;p=1560"},"modified":"2025-06-12T02:53:07","modified_gmt":"2025-06-12T02:53:07","slug":"customized-5-axis-cnc-machining-centres-for-timber-construction","status":"publish","type":"product","link":"https:\/\/customcncrouter.com\/pt\/customized-5-axis-cnc-machining-centres-for-timber-construction\/","title":{"rendered":"Centros de maquinagem CNC de 5 eixos personalizados para a constru\u00e7\u00e3o em madeira"},"content":{"rendered":"<p>Pode ser aplicado para casa de madeira antiga, constru\u00e7\u00e3o em madeira<\/p>\n<table>\n<tbody>\n<tr>\n<td width=\"152\">Descri\u00e7\u00e3o<\/td>\n<td width=\"256\">Par\u00e2metro<\/td>\n<\/tr>\n<tr>\n<td width=\"152\">X,Y,Z \u00c1rea de trabalho<\/td>\n<td width=\"256\">1600*18000*1000mm<\/td>\n<\/tr>\n<tr>\n<td width=\"152\">Tamanho da tabela<\/td>\n<td width=\"256\">3850\u00d727000mm*3500mm<\/td>\n<\/tr>\n<tr>\n<td width=\"152\">X,Y,Z Precis\u00e3o de posicionamento de desloca\u00e7\u00e3o<\/td>\n<td width=\"256\">\u00b10,01\/1000mm<\/td>\n<\/tr>\n<tr>\n<td width=\"152\">AC<\/td>\n<td width=\"256\">Rotativo de 120 e 245 graus<\/td>\n<\/tr>\n<tr>\n<td width=\"152\">Superf\u00edcie da mesa<\/td>\n<td width=\"256\">Mesa de ferro fundido<\/td>\n<\/tr>\n<tr>\n<td width=\"152\">Moldura<\/td>\n<td width=\"256\">Estrutura de tubo de a\u00e7o grande com tratamento t\u00e9rmico<\/td>\n<\/tr>\n<tr>\n<td width=\"152\">X, Y Estrutura<\/td>\n<td width=\"256\">Acionamento por cremalheira e pinh\u00e3o, rolamentos lineares de trilho Taiwan<\/td>\n<\/tr>\n<tr>\n<td width=\"152\">Estrutura Z<\/td>\n<td width=\"256\">Rolamentos lineares de carril e fuso de esferas Hiwin<\/td>\n<\/tr>\n<tr>\n<td width=\"152\">M\u00e1ximo. Consumo de energia<\/td>\n<td width=\"256\">(sem fuso) 15 Kw<\/td>\n<\/tr>\n<tr>\n<td width=\"152\">M\u00e1ximo. Velocidade de desloca\u00e7\u00e3o r\u00e1pida<\/td>\n<td width=\"256\">40000mm\/min<\/td>\n<\/tr>\n<tr>\n<td width=\"152\">Velocidade m\u00e1x. Velocidade de trabalho<\/td>\n<td width=\"256\">30000mm\/min<\/td>\n<\/tr>\n<tr>\n<td width=\"152\">Pot\u00eancia do fuso<\/td>\n<td width=\"256\">10\/12\/14<\/td>\n<\/tr>\n<tr>\n<td width=\"152\">Velocidade do fuso<\/td>\n<td width=\"256\">0-24000RPM<\/td>\n<\/tr>\n<tr>\n<td width=\"152\">Motores de acionamento<\/td>\n<td width=\"256\">Motores Yaskawa XY 1300W Z AXIS1800W<\/td>\n<\/tr>\n<tr>\n<td width=\"152\">Tens\u00e3o de funcionamento<\/td>\n<td width=\"256\">AC380V\/50\/60Hz,3PH (Op\u00e7\u00e3o: 220V))<\/td>\n<\/tr>\n<tr>\n<td width=\"152\">Linguagem de comando<\/td>\n<td width=\"256\">C\u00f3digo G<\/td>\n<\/tr>\n<tr>\n<td width=\"152\">Sistema operativo<\/td>\n<td width=\"256\">Sistema de controlo Syntec\/TPA \/OSAI<\/td>\n<\/tr>\n<tr>\n<td width=\"152\">Interface de computador<\/td>\n<td width=\"256\">USB<\/td>\n<\/tr>\n<tr>\n<td width=\"152\">Mem\u00f3ria Flash<\/td>\n<td width=\"256\">512M<\/td>\n<\/tr>\n<tr>\n<td width=\"152\">Pin\u00e7a<\/td>\n<td width=\"256\">HSKF63 ER40<\/td>\n<\/tr>\n<tr>\n<td width=\"152\">Resolu\u00e7\u00e3o X,Y<\/td>\n<td width=\"256\">&lt;0,01mm<\/td>\n<\/tr>\n<tr>\n<td width=\"152\">Compatibilidade de software<\/td>\n<td width=\"256\">\u00a0software powermill UG<\/td>\n<\/tr>\n<tr>\n<td width=\"152\">Temperatura ambiente de funcionamento<\/td>\n<td width=\"256\">0 - 45 graus cent\u00edgrados<\/td>\n<\/tr>\n<tr>\n<td width=\"152\">Humidade relativa<\/td>\n<td width=\"256\">30%\u00a0&#8211;\u00a075%<\/td>\n<\/tr>\n<tr>\n<td width=\"152\">Tamanho da embalagem<\/td>\n<td width=\"256\">5500X2100X2300mm<\/td>\n<\/tr>\n<tr>\n<td width=\"152\">N.W.<\/td>\n<td width=\"256\">46000KG<\/td>\n<\/tr>\n<tr>\n<td width=\"152\">G.W.<\/td>\n<td width=\"256\">48000KG<\/td>\n<\/tr>\n<\/tbody>\n<\/table>\n<p>&nbsp;<\/p>","protected":false},"excerpt":{"rendered":"<p>Concebida para casas de madeira antigas e estruturas de madeira com uma enorme capacidade do eixo X de 18 m e uma constru\u00e7\u00e3o pesada de 48 toneladas. A mesa de ferro fundido suporta vigas de grandes dimens\u00f5es, alcan\u00e7ando uma precis\u00e3o de \u00b10,01mm atrav\u00e9s do sistema servo Yaskawa calibrado a laser (1300W XY\/1800W Z) e do fuso de 24k RPM (op\u00e7\u00f5es de 10\/12\/14kW). Corte de carpintaria complexa a alta velocidade (40m\/min) em \u00e2ngulos extremos de A120\u00b0\/C245\u00b0. Controlos Syntec\/OSAI comprovados pela ind\u00fastria com compatibilidade UG\/PowerMill para t\u00e9cnicas tradicionais de trabalho da madeira<\/p>","protected":false},"featured_media":1561,"template":"","meta":{"_gspb_post_css":""},"product_brand":[],"product_cat":[40],"product_tag":[],"class_list":{"0":"post-1560","1":"product","2":"type-product","3":"status-publish","4":"has-post-thumbnail","6":"product_cat-5-axis-cnc-router","8":"first","9":"instock","10":"shipping-taxable","11":"product-type-simple"},"_links":{"self":[{"href":"https:\/\/customcncrouter.com\/pt\/wp-json\/wp\/v2\/product\/1560","targetHints":{"allow":["GET"]}}],"collection":[{"href":"https:\/\/customcncrouter.com\/pt\/wp-json\/wp\/v2\/product"}],"about":[{"href":"https:\/\/customcncrouter.com\/pt\/wp-json\/wp\/v2\/types\/product"}],"wp:featuredmedia":[{"embeddable":true,"href":"https:\/\/customcncrouter.com\/pt\/wp-json\/wp\/v2\/media\/1561"}],"wp:attachment":[{"href":"https:\/\/customcncrouter.com\/pt\/wp-json\/wp\/v2\/media?parent=1560"}],"wp:term":[{"taxonomy":"product_brand","embeddable":true,"href":"https:\/\/customcncrouter.com\/pt\/wp-json\/wp\/v2\/product_brand?post=1560"},{"taxonomy":"product_cat","embeddable":true,"href":"https:\/\/customcncrouter.com\/pt\/wp-json\/wp\/v2\/product_cat?post=1560"},{"taxonomy":"product_tag","embeddable":true,"href":"https:\/\/customcncrouter.com\/pt\/wp-json\/wp\/v2\/product_tag?post=1560"}],"curies":[{"name":"wp","href":"https:\/\/api.w.org\/{rel}","templated":true}]}}