{"id":1555,"date":"2025-06-12T02:39:38","date_gmt":"2025-06-12T02:39:38","guid":{"rendered":"https:\/\/customcncrouter.com\/?post_type=product&#038;p=1555"},"modified":"2025-06-12T02:39:38","modified_gmt":"2025-06-12T02:39:38","slug":"customized-double-table-ptp-5-axis-cnc-router","status":"publish","type":"product","link":"https:\/\/customcncrouter.com\/pt\/customized-double-table-ptp-5-axis-cnc-router\/","title":{"rendered":"Roteador cnc de 5 eixos PTP de mesa dupla personalizado ST-3015"},"content":{"rendered":"<p>Pode ser aplicado em mobili\u00e1rio de MDF, mobili\u00e1rio de madeira maci\u00e7a, PVC\/PP\/PE, ABS, borracha, poliuretano, fibra de vidro, fibra de carbono e outros materiais comp\u00f3sitos para ranhurar, chanfrar, perfurar, ranhuras de gancho e outros processos e \u00e2ngulos m\u00faltiplos de alta precis\u00e3o e processamento de alta efici\u00eancia.<\/p>\n<p>Fuso de arrefecimento a ar HSD 15KW da Itlay Coletor HSK63F<\/p>\n<p>Cabe\u00e7a de perfura\u00e7\u00e3o Itlay HSD<\/p>\n<p>Servomotor e acionador Yaskawa do Jap\u00e3o<\/p>\n<p>Magazine de ferramentas rotativas de 12 posi\u00e7\u00f5es<\/p>\n<p>Alemanha Mesa de v\u00e1cuo Schmalz<\/p>\n<p>Controlador syntec de Taiwan<\/p>\n<p>Bomba de v\u00e1cuo 7.5kw 250m3\/h<\/p>\n<p>Funciona com todo o software CAD\/CAM padr\u00e3o da ind\u00fastria<\/p>\n<table>\n<tbody>\n<tr>\n<td width=\"37\">n\u00famero<\/td>\n<td width=\"222\">Descri\u00e7\u00e3o<\/td>\n<td width=\"295\">Par\u00e2metro<\/td>\n<\/tr>\n<tr>\n<td width=\"37\">1<\/td>\n<td width=\"222\">X,Y,Z \u00c1rea de trabalho<\/td>\n<td width=\"295\">3000*15000*1000mm 1500*1500*1000<\/td>\n<\/tr>\n<tr>\n<td width=\"37\">2<\/td>\n<td width=\"222\">Tamanho da tabela<\/td>\n<td width=\"295\">3000\u00d71500mm<\/td>\n<\/tr>\n<tr>\n<td width=\"37\">3<\/td>\n<td width=\"222\">X,Y,Z Precis\u00e3o de posicionamento de desloca\u00e7\u00e3o<\/td>\n<td width=\"295\">\u00b10,01\/1000mm<\/td>\n<\/tr>\n<tr>\n<td width=\"37\">4<\/td>\n<td width=\"222\">A C ROTARY<\/td>\n<td width=\"295\">A 120 graus C 240 graus<\/td>\n<\/tr>\n<tr>\n<td width=\"37\">5<\/td>\n<td width=\"222\">Superf\u00edcie da mesa<\/td>\n<td width=\"295\">Mesa PTP com ventosas shmalz<\/td>\n<\/tr>\n<tr>\n<td width=\"37\">6<\/td>\n<td width=\"222\">Moldura<\/td>\n<td width=\"295\">Estrutura de tubo de a\u00e7o grande com tratamento t\u00e9rmico<\/td>\n<\/tr>\n<tr>\n<td width=\"37\">7<\/td>\n<td width=\"222\">X, Y Estrutura<\/td>\n<td width=\"295\">Acionamento de cremalheira e pinh\u00e3o, rolamentos lineares de carril Hiwin<\/td>\n<\/tr>\n<tr>\n<td width=\"37\">8<\/td>\n<td width=\"222\">Estrutura Z<\/td>\n<td width=\"295\">Rolamentos lineares de carril e fuso de esferas Hiwin<\/td>\n<\/tr>\n<tr>\n<td width=\"37\">9<\/td>\n<td width=\"222\">M\u00e1ximo. Consumo de energia<\/td>\n<td width=\"295\">(sem fuso) 16 Kw<\/td>\n<\/tr>\n<tr>\n<td width=\"37\">10<\/td>\n<td width=\"222\">M\u00e1ximo. Velocidade de desloca\u00e7\u00e3o r\u00e1pida<\/td>\n<td width=\"295\">40000mm\/min<\/td>\n<\/tr>\n<tr>\n<td width=\"37\">11<\/td>\n<td width=\"222\">Velocidade m\u00e1x. Velocidade de trabalho<\/td>\n<td width=\"295\">30000mm\/min<\/td>\n<\/tr>\n<tr>\n<td width=\"37\">12<\/td>\n<td width=\"222\">Pot\u00eancia do fuso<\/td>\n<td width=\"295\">Fuso HSD 15kw<\/td>\n<\/tr>\n<tr>\n<td width=\"37\">13<\/td>\n<td width=\"222\">Cabe\u00e7a de perfura\u00e7\u00e3o<\/td>\n<td width=\"295\">HSD 9v3h1s<\/td>\n<\/tr>\n<tr>\n<td width=\"37\">14<\/td>\n<td width=\"222\">Velocidade do fuso<\/td>\n<td width=\"295\">0-24000RPM<\/td>\n<\/tr>\n<tr>\n<td width=\"37\">15<\/td>\n<td width=\"222\">Motores de acionamento<\/td>\n<td width=\"295\">\u00a0Motores Yaskawa<\/td>\n<\/tr>\n<tr>\n<td width=\"37\">16<\/td>\n<td width=\"222\">Tens\u00e3o de funcionamento<\/td>\n<td width=\"295\">AC380V\/50\/60Hz,3PH<\/td>\n<\/tr>\n<tr>\n<td width=\"37\">17<\/td>\n<td width=\"222\">Linguagem de comando<\/td>\n<td width=\"295\">C\u00f3digo G<\/td>\n<\/tr>\n<tr>\n<td width=\"37\">18<\/td>\n<td width=\"222\">Sistema operativo<\/td>\n<td width=\"295\">osai<\/td>\n<\/tr>\n<tr>\n<td width=\"37\">18<\/td>\n<td width=\"222\">Interface de computador<\/td>\n<td width=\"295\">USB<\/td>\n<\/tr>\n<tr>\n<td width=\"37\">19<\/td>\n<td width=\"222\">Mem\u00f3ria Flash<\/td>\n<td width=\"295\">512M<\/td>\n<\/tr>\n<tr>\n<td width=\"37\">20<\/td>\n<td width=\"222\">Pin\u00e7a<\/td>\n<td width=\"295\">HSK-F63<\/td>\n<\/tr>\n<tr>\n<td width=\"37\">21<\/td>\n<td width=\"222\">Resolu\u00e7\u00e3o X,Y<\/td>\n<td width=\"295\">&lt;0,01mm<\/td>\n<\/tr>\n<tr>\n<td width=\"37\">22<\/td>\n<td width=\"222\">Compatibilidade de software<\/td>\n<td width=\"295\">Type3\/UcancameV9 software de moinho de for\u00e7a UG<\/td>\n<\/tr>\n<tr>\n<td width=\"37\">23<\/td>\n<td width=\"222\">Temperatura ambiente de funcionamento<\/td>\n<td width=\"295\">0 - 45 graus cent\u00edgrados<\/td>\n<\/tr>\n<tr>\n<td width=\"37\">24<\/td>\n<td width=\"222\">Humidade relativa<\/td>\n<td width=\"295\">30%\u00a0&#8211;\u00a075%<\/td>\n<\/tr>\n<tr>\n<td width=\"37\">25<\/td>\n<td width=\"222\">Tamanho da embalagem<\/td>\n<td width=\"295\">5500X2100X2300mm<\/td>\n<\/tr>\n<tr>\n<td width=\"37\">26<\/td>\n<td width=\"222\">N.W.<\/td>\n<td width=\"295\">16000KG<\/td>\n<\/tr>\n<tr>\n<td width=\"37\">27<\/td>\n<td width=\"222\">G.W.<\/td>\n<td width=\"295\">18000kG<\/td>\n<\/tr>\n<\/tbody>\n<\/table>\n<p>&nbsp;<\/p>","protected":false},"excerpt":{"rendered":"<p>Domina o mobili\u00e1rio de grande formato, os comp\u00f3sitos aeroespaciais e a moldagem de pol\u00edmeros com uma zona de trabalho de 3000x15000x1000mm l\u00edder na ind\u00fastria (1500x1500x1000mm opcional). Apresenta uma rota\u00e7\u00e3o extrema de A\u00b1120\u00b0\/C\u00b1240\u00b0 e maquina\u00e7\u00e3o com precis\u00e3o microm\u00e9trica (\u00b10,01\/1000mm) alimentada por componentes de primeira qualidade: Fuso HSD 15kW (24k RPM), cabe\u00e7a de mandrilar It\u00e1lia HSD 9v3h1s, servos Yaskawa e tecnologia de v\u00e1cuo Schmalz. A estrutura pesada em a\u00e7o tratado termicamente garante estabilidade durante as opera\u00e7\u00f5es de ranhurar e chanfrar a alta velocidade (40m\/min).<\/p>","protected":false},"featured_media":1556,"template":"","meta":{"_gspb_post_css":""},"product_brand":[],"product_cat":[40],"product_tag":[],"class_list":{"0":"post-1555","1":"product","2":"type-product","3":"status-publish","4":"has-post-thumbnail","6":"product_cat-5-axis-cnc-router","8":"first","9":"instock","10":"shipping-taxable","11":"product-type-simple"},"_links":{"self":[{"href":"https:\/\/customcncrouter.com\/pt\/wp-json\/wp\/v2\/product\/1555","targetHints":{"allow":["GET"]}}],"collection":[{"href":"https:\/\/customcncrouter.com\/pt\/wp-json\/wp\/v2\/product"}],"about":[{"href":"https:\/\/customcncrouter.com\/pt\/wp-json\/wp\/v2\/types\/product"}],"wp:featuredmedia":[{"embeddable":true,"href":"https:\/\/customcncrouter.com\/pt\/wp-json\/wp\/v2\/media\/1556"}],"wp:attachment":[{"href":"https:\/\/customcncrouter.com\/pt\/wp-json\/wp\/v2\/media?parent=1555"}],"wp:term":[{"taxonomy":"product_brand","embeddable":true,"href":"https:\/\/customcncrouter.com\/pt\/wp-json\/wp\/v2\/product_brand?post=1555"},{"taxonomy":"product_cat","embeddable":true,"href":"https:\/\/customcncrouter.com\/pt\/wp-json\/wp\/v2\/product_cat?post=1555"},{"taxonomy":"product_tag","embeddable":true,"href":"https:\/\/customcncrouter.com\/pt\/wp-json\/wp\/v2\/product_tag?post=1555"}],"curies":[{"name":"wp","href":"https:\/\/api.w.org\/{rel}","templated":true}]}}