{"id":1551,"date":"2025-06-12T02:31:11","date_gmt":"2025-06-12T02:31:11","guid":{"rendered":"https:\/\/customcncrouter.com\/?post_type=product&#038;p=1551"},"modified":"2025-06-12T02:31:11","modified_gmt":"2025-06-12T02:31:11","slug":"customized-furniture-making-5-axis-cnc-router-center","status":"publish","type":"product","link":"https:\/\/customcncrouter.com\/pt\/customized-furniture-making-5-axis-cnc-router-center\/","title":{"rendered":"fabrico de m\u00f3veis personalizados Centro de fresagem CNC de 5 eixos ST-1525"},"content":{"rendered":"<p>Pode ser aplicado a mobili\u00e1rio de madeira maci\u00e7a, PVC\/PP\/PE, ABS, borracha, poliuretano, fibra de vidro, fibra de carbono e outros materiais comp\u00f3sitos para ranhurar, chanfrar, perfurar, ranhuras de gancho e outros processos e m\u00faltiplos \u00e2ngulos de processamento de alta precis\u00e3o e alta efici\u00eancia.<\/p>\n<table>\n<tbody>\n<tr>\n<td width=\"42\">N\u00famero<\/td>\n<td width=\"196\">Descri\u00e7\u00e3o<\/td>\n<td width=\"265\">Par\u00e2metro<\/td>\n<\/tr>\n<tr>\n<td width=\"42\">1<\/td>\n<td width=\"196\">X,Y,Z \u00c1rea de trabalho<\/td>\n<td width=\"265\">1500*2500*600mm<\/td>\n<\/tr>\n<tr>\n<td width=\"42\">2<\/td>\n<td width=\"196\">Tamanho da tabela<\/td>\n<td width=\"265\">2000\u00d73500mm<\/td>\n<\/tr>\n<tr>\n<td width=\"42\">3<\/td>\n<td width=\"196\">X,Y,Z Precis\u00e3o de posicionamento de desloca\u00e7\u00e3o<\/td>\n<td width=\"265\">\u00b10,01\/600mm<\/td>\n<\/tr>\n<tr>\n<td width=\"42\">4<\/td>\n<td width=\"196\">A C ROTARY<\/td>\n<td width=\"265\">A 110 graus C 220 graus<\/td>\n<\/tr>\n<tr>\n<td width=\"42\">5<\/td>\n<td width=\"196\">Superf\u00edcie da mesa<\/td>\n<td width=\"265\">Mesa de v\u00e1cuo com ventosas para fixa\u00e7\u00e3o de pequenos m\u00f3veis<\/td>\n<\/tr>\n<tr>\n<td width=\"42\">6<\/td>\n<td width=\"196\">Moldura<\/td>\n<td width=\"265\">Estrutura de tubo de a\u00e7o grande com tratamento t\u00e9rmico<\/td>\n<\/tr>\n<tr>\n<td width=\"42\">7<\/td>\n<td width=\"196\">X, Y Estrutura<\/td>\n<td width=\"265\">Acionamento de cremalheira e pinh\u00e3o, rolamentos lineares de carril Hiwin<\/td>\n<\/tr>\n<tr>\n<td width=\"42\">8<\/td>\n<td width=\"196\">Estrutura Z<\/td>\n<td width=\"265\">Rolamentos lineares de carril e fuso de esferas Hiwin<\/td>\n<\/tr>\n<tr>\n<td width=\"42\">9<\/td>\n<td width=\"196\">M\u00e1ximo. Consumo de energia<\/td>\n<td width=\"265\">(sem fuso) 10 Kw<\/td>\n<\/tr>\n<tr>\n<td width=\"42\">10<\/td>\n<td width=\"196\">M\u00e1ximo. Velocidade de desloca\u00e7\u00e3o r\u00e1pida<\/td>\n<td width=\"265\">40000mm\/min<\/td>\n<\/tr>\n<tr>\n<td width=\"42\">11<\/td>\n<td width=\"196\">Velocidade m\u00e1x. Velocidade de trabalho<\/td>\n<td width=\"265\">30000mm\/min<\/td>\n<\/tr>\n<tr>\n<td width=\"42\">12<\/td>\n<td width=\"196\">Pot\u00eancia do fuso<\/td>\n<td width=\"265\">12 kw<\/td>\n<\/tr>\n<tr>\n<td width=\"42\">13<\/td>\n<td width=\"196\">Velocidade do fuso<\/td>\n<td width=\"265\">0-24000RPM<\/td>\n<\/tr>\n<tr>\n<td width=\"42\">14<\/td>\n<td width=\"196\">Motores de acionamento<\/td>\n<td width=\"265\">\u00a0Motores Yaskawa<\/td>\n<\/tr>\n<tr>\n<td width=\"42\">15<\/td>\n<td width=\"196\">Tens\u00e3o de funcionamento<\/td>\n<td width=\"265\">AC380V\/50\/60Hz,3PH (Op\u00e7\u00e3o: 220V))<\/td>\n<\/tr>\n<tr>\n<td width=\"42\">16<\/td>\n<td width=\"196\">Linguagem de comando<\/td>\n<td width=\"265\">C\u00f3digo G<\/td>\n<\/tr>\n<tr>\n<td width=\"42\">17<\/td>\n<td width=\"196\">Sistema operativo<\/td>\n<td width=\"265\">Sistema de controlo Syntec\/TPA \/osai<\/td>\n<\/tr>\n<tr>\n<td width=\"42\">18<\/td>\n<td width=\"196\">Interface de computador<\/td>\n<td width=\"265\">USB<\/td>\n<\/tr>\n<tr>\n<td width=\"42\">19<\/td>\n<td width=\"196\">Mem\u00f3ria Flash<\/td>\n<td width=\"265\">512M<\/td>\n<\/tr>\n<tr>\n<td width=\"42\">20<\/td>\n<td width=\"196\">Pin\u00e7a<\/td>\n<td width=\"265\">HSK-F63<\/td>\n<\/tr>\n<tr>\n<td width=\"42\">21<\/td>\n<td width=\"196\">Resolu\u00e7\u00e3o X,Y<\/td>\n<td width=\"265\">&lt;0,01mm<\/td>\n<\/tr>\n<tr>\n<td width=\"42\">22<\/td>\n<td width=\"196\">Compatibilidade de software<\/td>\n<td width=\"265\">Type3\/UcancameV9 software de moinho de for\u00e7a UG<\/td>\n<\/tr>\n<tr>\n<td width=\"42\">23<\/td>\n<td width=\"196\">Temperatura ambiente de funcionamento<\/td>\n<td width=\"265\">0 - 45 graus cent\u00edgrados<\/td>\n<\/tr>\n<tr>\n<td width=\"42\">24<\/td>\n<td width=\"196\">Humidade relativa<\/td>\n<td width=\"265\">30%\u00a0&#8211;\u00a075%<\/td>\n<\/tr>\n<tr>\n<td width=\"42\">25<\/td>\n<td width=\"196\">Tamanho da embalagem<\/td>\n<td width=\"265\">5500X2100X2300mm<\/td>\n<\/tr>\n<tr>\n<td width=\"42\">26<\/td>\n<td width=\"196\">N.W.<\/td>\n<td width=\"265\">5000KG<\/td>\n<\/tr>\n<tr>\n<td width=\"42\">27<\/td>\n<td width=\"196\">G.W.<\/td>\n<td width=\"265\">6000kG<\/td>\n<\/tr>\n<tr>\n<td rowspan=\"6\" width=\"42\">28<\/td>\n<td rowspan=\"6\" width=\"196\">Pe\u00e7as opcionais<\/td>\n<td width=\"265\">Colectores de p\u00f3\/coberturas de p\u00f3 para tr\u00eas eixos<\/td>\n<\/tr>\n<tr>\n<td width=\"265\">Bomba de v\u00e1cuo<\/td>\n<\/tr>\n<tr>\n<td width=\"265\">Sistema rotativo<\/td>\n<\/tr>\n<tr>\n<td width=\"265\">Sistema de arrefecimento por n\u00e9voa<\/td>\n<\/tr>\n<tr>\n<td width=\"265\">Servomotores Delta\/Panasonic<\/td>\n<\/tr>\n<tr>\n<td width=\"265\">Fuso Colombo<\/td>\n<\/tr>\n<\/tbody>\n<\/table>\n<p>&nbsp;<\/p>","protected":false},"excerpt":{"rendered":"<p>Concebida para o processamento de madeira maci\u00e7a, PVC\/ABS e fibra de carbono (precis\u00e3o de \u00b10,01 mm). Possui rota\u00e7\u00e3o de \u00b1110\u00b0A\/\u00b1220\u00b0C para marcenaria complexa, relevos 3D e ranhuras. A mesa de v\u00e1cuo optimizada para mobili\u00e1rio fixa pequenas pe\u00e7as de trabalho. Motores Yaskawa de alta qualidade + fuso de 24k RPM proporcionam velocidades de corte de 40m\/min. A estrutura em a\u00e7o tratado termicamente garante estabilidade durante opera\u00e7\u00f5es pesadas de 5 toneladas.<\/p>","protected":false},"featured_media":1553,"template":"","meta":{"_gspb_post_css":""},"product_brand":[],"product_cat":[40],"product_tag":[],"class_list":{"0":"post-1551","1":"product","2":"type-product","3":"status-publish","4":"has-post-thumbnail","6":"product_cat-5-axis-cnc-router","8":"first","9":"instock","10":"shipping-taxable","11":"product-type-simple"},"_links":{"self":[{"href":"https:\/\/customcncrouter.com\/pt\/wp-json\/wp\/v2\/product\/1551","targetHints":{"allow":["GET"]}}],"collection":[{"href":"https:\/\/customcncrouter.com\/pt\/wp-json\/wp\/v2\/product"}],"about":[{"href":"https:\/\/customcncrouter.com\/pt\/wp-json\/wp\/v2\/types\/product"}],"wp:featuredmedia":[{"embeddable":true,"href":"https:\/\/customcncrouter.com\/pt\/wp-json\/wp\/v2\/media\/1553"}],"wp:attachment":[{"href":"https:\/\/customcncrouter.com\/pt\/wp-json\/wp\/v2\/media?parent=1551"}],"wp:term":[{"taxonomy":"product_brand","embeddable":true,"href":"https:\/\/customcncrouter.com\/pt\/wp-json\/wp\/v2\/product_brand?post=1551"},{"taxonomy":"product_cat","embeddable":true,"href":"https:\/\/customcncrouter.com\/pt\/wp-json\/wp\/v2\/product_cat?post=1551"},{"taxonomy":"product_tag","embeddable":true,"href":"https:\/\/customcncrouter.com\/pt\/wp-json\/wp\/v2\/product_tag?post=1551"}],"curies":[{"name":"wp","href":"https:\/\/api.w.org\/{rel}","templated":true}]}}