{"id":1555,"date":"2025-06-12T02:39:38","date_gmt":"2025-06-12T02:39:38","guid":{"rendered":"https:\/\/customcncrouter.com\/?post_type=product&#038;p=1555"},"modified":"2025-06-12T02:39:38","modified_gmt":"2025-06-12T02:39:38","slug":"customized-double-table-ptp-5-axis-cnc-router","status":"publish","type":"product","link":"https:\/\/customcncrouter.com\/fr\/customized-double-table-ptp-5-axis-cnc-router\/","title":{"rendered":"D\u00e9fonceuse \u00e0 double table PTP 5 axes ST-3015 sur mesure"},"content":{"rendered":"<p>Peut \u00eatre utilis\u00e9 pour les meubles en MDF, les meubles en bois massif, le PVC\/PP\/PE, l'ABS, le caoutchouc, le polyur\u00e9thane, la fibre de verre, la fibre de carbone et d'autres mat\u00e9riaux composites pour le rainurage, le chanfreinage, le poin\u00e7onnage, les rainures en crochet et d'autres processus et angles multiples de traitement de haute pr\u00e9cision et de haute efficacit\u00e9.<\/p>\n<p>Broche refroidie \u00e0 l'air Itlay HSD 15KW HSK63F Collector<\/p>\n<p>T\u00eate d'al\u00e9sage Itlay HSD<\/p>\n<p>Servomoteur et pilote Yaskawa Japon<\/p>\n<p>Magasin d'outils rotatifs \u00e0 12 positions<\/p>\n<p>Allemagne Table \u00e0 vide Schmalz<\/p>\n<p>Contr\u00f4leur syntec de Ta\u00efwan<\/p>\n<p>Pompe \u00e0 vide 7.5kw 250m3\/h<\/p>\n<p>Il fonctionne avec tous les logiciels de CAO\/FAO standard de l'industrie<\/p>\n<table>\n<tbody>\n<tr>\n<td width=\"37\">nombre<\/td>\n<td width=\"222\">Description<\/td>\n<td width=\"295\">Param\u00e8tres<\/td>\n<\/tr>\n<tr>\n<td width=\"37\">1<\/td>\n<td width=\"222\">X,Y,Z Zone de travail<\/td>\n<td width=\"295\">3000*15000*1000mm 1500*1500*1000<\/td>\n<\/tr>\n<tr>\n<td width=\"37\">2<\/td>\n<td width=\"222\">Taille du tableau<\/td>\n<td width=\"295\">3000\u00d71500mm<\/td>\n<\/tr>\n<tr>\n<td width=\"37\">3<\/td>\n<td width=\"222\">X,Y,Z Pr\u00e9cision du positionnement de d\u00e9placement<\/td>\n<td width=\"295\">\u00b10,01\/1000mm<\/td>\n<\/tr>\n<tr>\n<td width=\"37\">4<\/td>\n<td width=\"222\">A C ROTARY<\/td>\n<td width=\"295\">A 120 degr\u00e9s C 240 degr\u00e9s<\/td>\n<\/tr>\n<tr>\n<td width=\"37\">5<\/td>\n<td width=\"222\">Surface de la table<\/td>\n<td width=\"295\">Table PTP avec ventouses shmalz<\/td>\n<\/tr>\n<tr>\n<td width=\"37\">6<\/td>\n<td width=\"222\">Cadre<\/td>\n<td width=\"295\">Structure de gros tubes d'acier avec traitement thermique<\/td>\n<\/tr>\n<tr>\n<td width=\"37\">7<\/td>\n<td width=\"222\">X, Y Structure<\/td>\n<td width=\"295\">Entra\u00eenement par cr\u00e9maill\u00e8re et pignon, roulements lin\u00e9aires Hiwin Rail<\/td>\n<\/tr>\n<tr>\n<td width=\"37\">8<\/td>\n<td width=\"222\">Z Structure<\/td>\n<td width=\"295\">Roulements lin\u00e9aires et vis \u00e0 billes Hiwin Rail<\/td>\n<\/tr>\n<tr>\n<td width=\"37\">9<\/td>\n<td width=\"222\">Max. Consommation \u00e9lectrique<\/td>\n<td width=\"295\">(sans broche) 16 Kw<\/td>\n<\/tr>\n<tr>\n<td width=\"37\">10<\/td>\n<td width=\"222\">Max. Vitesse de d\u00e9placement rapide<\/td>\n<td width=\"295\">40000mm\/min<\/td>\n<\/tr>\n<tr>\n<td width=\"37\">11<\/td>\n<td width=\"222\">Vitesse de travail max. Vitesse de travail<\/td>\n<td width=\"295\">30000mm\/min<\/td>\n<\/tr>\n<tr>\n<td width=\"37\">12<\/td>\n<td width=\"222\">Puissance de la broche<\/td>\n<td width=\"295\">Broche HSD 15kw<\/td>\n<\/tr>\n<tr>\n<td width=\"37\">13<\/td>\n<td width=\"222\">T\u00eate d'al\u00e9sage<\/td>\n<td width=\"295\">HSD 9v3h1s<\/td>\n<\/tr>\n<tr>\n<td width=\"37\">14<\/td>\n<td width=\"222\">Vitesse de la broche<\/td>\n<td width=\"295\">0-24000RPM<\/td>\n<\/tr>\n<tr>\n<td width=\"37\">15<\/td>\n<td width=\"222\">Moteurs d'entra\u00eenement<\/td>\n<td width=\"295\">\u00a0Moteurs Yaskawa<\/td>\n<\/tr>\n<tr>\n<td width=\"37\">16<\/td>\n<td width=\"222\">Tension de fonctionnement<\/td>\n<td width=\"295\">AC380V\/50\/60Hz, 3PH<\/td>\n<\/tr>\n<tr>\n<td width=\"37\">17<\/td>\n<td width=\"222\">Langage de commande<\/td>\n<td width=\"295\">G Code<\/td>\n<\/tr>\n<tr>\n<td width=\"37\">18<\/td>\n<td width=\"222\">Syst\u00e8me d'exploitation<\/td>\n<td width=\"295\">osai<\/td>\n<\/tr>\n<tr>\n<td width=\"37\">18<\/td>\n<td width=\"222\">Interface informatique<\/td>\n<td width=\"295\">USB<\/td>\n<\/tr>\n<tr>\n<td width=\"37\">19<\/td>\n<td width=\"222\">M\u00e9moire flash<\/td>\n<td width=\"295\">512M<\/td>\n<\/tr>\n<tr>\n<td width=\"37\">20<\/td>\n<td width=\"222\">Collet<\/td>\n<td width=\"295\">HSK-F63<\/td>\n<\/tr>\n<tr>\n<td width=\"37\">21<\/td>\n<td width=\"222\">R\u00e9solution X,Y<\/td>\n<td width=\"295\">&lt;0,01mm<\/td>\n<\/tr>\n<tr>\n<td width=\"37\">22<\/td>\n<td width=\"222\">Compatibilit\u00e9 des logiciels<\/td>\n<td width=\"295\">Type3\/UcancameV9 powermill Logiciel UG<\/td>\n<\/tr>\n<tr>\n<td width=\"37\">23<\/td>\n<td width=\"222\">Temp\u00e9rature de l'environnement de travail<\/td>\n<td width=\"295\">0 - 45 degr\u00e9s Celsius<\/td>\n<\/tr>\n<tr>\n<td width=\"37\">24<\/td>\n<td width=\"222\">Humidit\u00e9 relative<\/td>\n<td width=\"295\">30%\u00a0&#8211;\u00a075%<\/td>\n<\/tr>\n<tr>\n<td width=\"37\">25<\/td>\n<td width=\"222\">Taille de l'emballage<\/td>\n<td width=\"295\">5500X2100X2300mm<\/td>\n<\/tr>\n<tr>\n<td width=\"37\">26<\/td>\n<td width=\"222\">N.W.<\/td>\n<td width=\"295\">16000KG<\/td>\n<\/tr>\n<tr>\n<td width=\"37\">27<\/td>\n<td width=\"222\">G.W.<\/td>\n<td width=\"295\">18000kG<\/td>\n<\/tr>\n<\/tbody>\n<\/table>\n<p>&nbsp;<\/p>","protected":false},"excerpt":{"rendered":"<p>Domine les meubles grand format, les composites a\u00e9rospatiaux et le moulage des polym\u00e8res avec une zone de travail de 3000x15000x1000mm (1500x1500x1000mm en option). Elle offre une rotation extr\u00eame A\u00b1120\u00b0\/C\u00b1240\u00b0 et un usinage d'une pr\u00e9cision microm\u00e9trique (\u00b10,01\/1000 mm) gr\u00e2ce \u00e0 des composants de premi\u00e8re qualit\u00e9 : Broche HSD 15kW (24k RPM), t\u00eate d'al\u00e9sage italienne HSD 9v3h1s, servos Yaskawa et technologie de vide Schmalz. Le b\u00e2ti en acier lourd trait\u00e9 thermiquement assure la stabilit\u00e9 pendant les op\u00e9rations de rainurage et de chanfreinage \u00e0 grande vitesse (40 m\/min).<\/p>","protected":false},"featured_media":1556,"template":"","meta":{"_gspb_post_css":""},"product_brand":[],"product_cat":[40],"product_tag":[],"class_list":{"0":"post-1555","1":"product","2":"type-product","3":"status-publish","4":"has-post-thumbnail","6":"product_cat-5-axis-cnc-router","8":"first","9":"instock","10":"shipping-taxable","11":"product-type-simple"},"_links":{"self":[{"href":"https:\/\/customcncrouter.com\/fr\/wp-json\/wp\/v2\/product\/1555","targetHints":{"allow":["GET"]}}],"collection":[{"href":"https:\/\/customcncrouter.com\/fr\/wp-json\/wp\/v2\/product"}],"about":[{"href":"https:\/\/customcncrouter.com\/fr\/wp-json\/wp\/v2\/types\/product"}],"wp:featuredmedia":[{"embeddable":true,"href":"https:\/\/customcncrouter.com\/fr\/wp-json\/wp\/v2\/media\/1556"}],"wp:attachment":[{"href":"https:\/\/customcncrouter.com\/fr\/wp-json\/wp\/v2\/media?parent=1555"}],"wp:term":[{"taxonomy":"product_brand","embeddable":true,"href":"https:\/\/customcncrouter.com\/fr\/wp-json\/wp\/v2\/product_brand?post=1555"},{"taxonomy":"product_cat","embeddable":true,"href":"https:\/\/customcncrouter.com\/fr\/wp-json\/wp\/v2\/product_cat?post=1555"},{"taxonomy":"product_tag","embeddable":true,"href":"https:\/\/customcncrouter.com\/fr\/wp-json\/wp\/v2\/product_tag?post=1555"}],"curies":[{"name":"wp","href":"https:\/\/api.w.org\/{rel}","templated":true}]}}