{"id":1575,"date":"2025-06-12T05:23:25","date_gmt":"2025-06-12T05:23:25","guid":{"rendered":"https:\/\/customcncrouter.com\/?post_type=product&#038;p=1575"},"modified":"2025-06-12T05:23:25","modified_gmt":"2025-06-12T05:23:25","slug":"mini-5-axis-cnc-milling-machine-for-3d-carving","status":"publish","type":"product","link":"https:\/\/customcncrouter.com\/es\/mini-5-axis-cnc-milling-machine-for-3d-carving\/","title":{"rendered":"MIni Fresadora CNC de 5 ejes para tallado 3d ST-1010"},"content":{"rendered":"<p>El mecanizado CNC de 5 ejes se puede utilizar para producir piezas que se utilizan en un mont\u00f3n de industrias diferentes debido a su eficiencia y a la capacidad de producir formas complejas. Estos son algunos ejemplos de las industrias que m\u00e1s com\u00fanmente se aprovechan de esta tecnolog\u00eda:<\/p>\n<p><strong><b>\u00a0<\/b><\/strong><strong><b>Aeroespacial<\/b><\/strong>\u00a0- esta industria requiere una m\u00e1quina muy precisa, ya que las formas son muy intrincadas y \u00fanicas.<\/p>\n<p><strong><b>M\u00e9dico\u00a0<\/b><\/strong>- El mecanizado CNC de 5 ejes puede ayudar a los fabricantes de equipos m\u00e9dicos en la producci\u00f3n de dispositivos, implantes y otras piezas de equipos que deben fabricarse con una precisi\u00f3n adicional para cumplir las normas sanitarias, que suelen ser rigurosas (y con raz\u00f3n).<\/p>\n<p><strong><b>Militar<\/b><\/strong>\u00a0- otra industria que utiliza el mecanizado CNC de 5 ejes para producir las piezas necesarias. Algunas de las posibles aplicaciones incluyen piezas de submarinos, piezas de motores de alto rendimiento, \u00e1labes de turbinas y compresores, armas inteligentes, sensores, aplicaciones de sigilo, as\u00ed como, en algunos casos, armamento nuclear.<\/p>\n<p><strong><b>Equipamiento energ\u00e9tico\u00a0<\/b><\/strong>- La fabricaci\u00f3n de piezas para equipos energ\u00e9ticos suele requerir el uso de materiales dif\u00edciles de trabajar. Con el mecanizado CNC de 5 ejes, puede hacer que todo el proceso sea m\u00e1s f\u00e1cil y eficiente.<\/p>\n<p>Aplicado para la espuma de poliestireno, espuma eps, fibra de vidrio, material de carbono de nido de abeja yougi madera, material compuesto de aluminio material blando, etc materiales no met\u00e1licos.<\/p>\n<p>MIni fresadora cnc de 5 ejes para escultura 3d ST-1010<\/p>\n<p>&nbsp;<\/p>\n<table>\n<tbody>\n<tr>\n<td width=\"537\"><strong><b>Detalles del eje Suntec 5\u00a0<\/b><\/strong><\/p>\n<table>\n<tbody>\n<tr>\n<td width=\"46\">N\u00famero<\/td>\n<td width=\"217\">Descripci\u00f3n<\/td>\n<td width=\"289\">Par\u00e1metro<\/td>\n<\/tr>\n<tr>\n<td width=\"46\">1<\/td>\n<td width=\"217\">X,Y,Z \u00c1rea de trabajo<\/td>\n<td width=\"289\">1000*1000*700mm<\/td>\n<\/tr>\n<tr>\n<td width=\"46\">2<\/td>\n<td width=\"217\">Tama\u00f1o de la tabla<\/td>\n<td width=\"289\">3300\u00d73300mm*1200<\/td>\n<\/tr>\n<tr>\n<td width=\"46\">3<\/td>\n<td width=\"217\">Precisi\u00f3n de posicionamiento de desplazamiento X,Y,Z<\/td>\n<td width=\"289\">\u00b10,01\/700 mm<\/td>\n<\/tr>\n<tr>\n<td width=\"46\">4<\/td>\n<td width=\"217\">Un eje<\/td>\n<td width=\"289\">A \u00b1110 grados<\/td>\n<\/tr>\n<tr>\n<td width=\"46\">5<\/td>\n<td width=\"217\">C rotativa<\/td>\n<td width=\"289\">C\u00b1 245 grados<\/td>\n<\/tr>\n<tr>\n<td width=\"46\">5<\/td>\n<td width=\"217\">Superficie de la mesa<\/td>\n<td width=\"289\">Mesa m\u00f3vil<\/td>\n<\/tr>\n<tr>\n<td width=\"46\">6<\/td>\n<td width=\"217\">Marco<\/td>\n<td width=\"289\">Gran estructura de tubo de acero con tratamiento t\u00e9rmico<\/td>\n<\/tr>\n<tr>\n<td width=\"46\">7<\/td>\n<td width=\"217\">Estructura X, Y<\/td>\n<td width=\"289\">Accionamiento por cremallera, rodamientos lineales sobre ra\u00edles Hiwin<\/td>\n<\/tr>\n<tr>\n<td width=\"46\">8<\/td>\n<td width=\"217\">Estructura Z<\/td>\n<td width=\"289\">Rodamientos lineales de carril Hiwin y husillo de bolas TBI<\/td>\n<\/tr>\n<tr>\n<td width=\"46\">9<\/td>\n<td width=\"217\">M\u00e1x. Consumo de energ\u00eda<\/td>\n<td width=\"289\">(sin husillo) 15 Kw<\/td>\n<\/tr>\n<tr>\n<td width=\"46\">10<\/td>\n<td width=\"217\">Max. Velocidad de desplazamiento r\u00e1pido<\/td>\n<td width=\"289\">40000mm\/min<\/td>\n<\/tr>\n<tr>\n<td width=\"46\">11<\/td>\n<td width=\"217\">M\u00e1x. Velocidad de trabajo<\/td>\n<td width=\"289\">30000mm\/min<\/td>\n<\/tr>\n<tr>\n<td width=\"46\">12<\/td>\n<td width=\"217\">Potencia del husillo<\/td>\n<td width=\"289\">10kw<\/td>\n<\/tr>\n<tr>\n<td width=\"46\">13<\/td>\n<td width=\"217\">Velocidad del cabezal<\/td>\n<td width=\"289\">0-24000RPM<\/td>\n<\/tr>\n<tr>\n<td width=\"46\">14<\/td>\n<td width=\"217\">Motores de accionamiento<\/td>\n<td width=\"289\">Motores Yaskawa<\/td>\n<\/tr>\n<tr>\n<td width=\"46\">15<\/td>\n<td width=\"217\">Tensi\u00f3n de trabajo<\/td>\n<td width=\"289\">AC380V\/50\/60Hz,3PH (Opci\u00f3n: 220V))<\/td>\n<\/tr>\n<tr>\n<td width=\"46\">16<\/td>\n<td width=\"217\">Lenguaje de comandos<\/td>\n<td width=\"289\">C\u00f3digo G<\/td>\n<\/tr>\n<tr>\n<td width=\"46\">17<\/td>\n<td width=\"217\">Sistema operativo<\/td>\n<td width=\"289\">Sistema de control Syntec\/TPA \/osai<\/td>\n<\/tr>\n<tr>\n<td width=\"46\">18<\/td>\n<td width=\"217\">Interfaz de ordenador<\/td>\n<td width=\"289\">USB<\/td>\n<\/tr>\n<tr>\n<td width=\"46\">19<\/td>\n<td width=\"217\">Memoria Flash<\/td>\n<td width=\"289\">512M<\/td>\n<\/tr>\n<tr>\n<td width=\"46\">20<\/td>\n<td width=\"217\">Pinza<\/td>\n<td width=\"289\">HSK-F63<\/td>\n<\/tr>\n<tr>\n<td width=\"46\">21<\/td>\n<td width=\"217\">Resoluci\u00f3n X,Y<\/td>\n<td width=\"289\">&lt;0,01 mm<\/td>\n<\/tr>\n<tr>\n<td width=\"46\">22<\/td>\n<td width=\"217\">Compatibilidad del software<\/td>\n<td width=\"289\">\u00a0software powermill UG<\/td>\n<\/tr>\n<tr>\n<td width=\"46\">23<\/td>\n<td width=\"217\">Temperatura ambiente de funcionamiento<\/td>\n<td width=\"289\">0 - 45 grados cent\u00edgrados<\/td>\n<\/tr>\n<tr>\n<td width=\"46\">24<\/td>\n<td width=\"217\">Humedad relativa<\/td>\n<td width=\"289\">30%\u00a0&#8211;\u00a075%<\/td>\n<\/tr>\n<tr>\n<td width=\"46\">25<\/td>\n<td width=\"217\">Tama\u00f1o del embalaje<\/td>\n<td width=\"289\">5500X2100X2300mm<\/td>\n<\/tr>\n<tr>\n<td width=\"46\">26<\/td>\n<td width=\"217\">N.O.<\/td>\n<td width=\"289\">5000KG<\/td>\n<\/tr>\n<tr>\n<td width=\"46\">27<\/td>\n<td width=\"217\">G.W.<\/td>\n<td width=\"289\">6000kG<\/td>\n<\/tr>\n<\/tbody>\n<\/table>\n<p>&nbsp;<\/td>\n<\/tr>\n<\/tbody>\n<\/table>\n<p>&nbsp;<\/p>","protected":false},"excerpt":{"rendered":"<p><strong>Suntec ST-1010: precisi\u00f3n compacta para el tallado 3D complejo y la creaci\u00f3n de prototipos<\/strong>\u200b<br \/>\nIdeal para prototipos aeroespaciales, herramientas m\u00e9dicas y piezas de arte complejas. Ofrece una rotaci\u00f3n industrial de \u00b1110\u00b0A\/\u00b1245\u00b0C y precisi\u00f3n a nivel de micras (\u00b10,01\/700 mm) en un espacio reducido. Los motores Yaskawa de alta calidad y el husillo HSD de 10 kW (24k RPM) trabajan con fibra de carbono, aluminio y espumas a velocidades de 40 m\/min. El bastidor de acero con tratamiento t\u00e9rmico garantiza la estabilidad para el fresado de gran detalle.<\/p>","protected":false},"featured_media":1576,"template":"","meta":{"_gspb_post_css":""},"product_brand":[],"product_cat":[40],"product_tag":[],"class_list":{"0":"post-1575","1":"product","2":"type-product","3":"status-publish","4":"has-post-thumbnail","6":"product_cat-5-axis-cnc-router","8":"first","9":"instock","10":"shipping-taxable","11":"product-type-simple"},"_links":{"self":[{"href":"https:\/\/customcncrouter.com\/es\/wp-json\/wp\/v2\/product\/1575","targetHints":{"allow":["GET"]}}],"collection":[{"href":"https:\/\/customcncrouter.com\/es\/wp-json\/wp\/v2\/product"}],"about":[{"href":"https:\/\/customcncrouter.com\/es\/wp-json\/wp\/v2\/types\/product"}],"wp:featuredmedia":[{"embeddable":true,"href":"https:\/\/customcncrouter.com\/es\/wp-json\/wp\/v2\/media\/1576"}],"wp:attachment":[{"href":"https:\/\/customcncrouter.com\/es\/wp-json\/wp\/v2\/media?parent=1575"}],"wp:term":[{"taxonomy":"product_brand","embeddable":true,"href":"https:\/\/customcncrouter.com\/es\/wp-json\/wp\/v2\/product_brand?post=1575"},{"taxonomy":"product_cat","embeddable":true,"href":"https:\/\/customcncrouter.com\/es\/wp-json\/wp\/v2\/product_cat?post=1575"},{"taxonomy":"product_tag","embeddable":true,"href":"https:\/\/customcncrouter.com\/es\/wp-json\/wp\/v2\/product_tag?post=1575"}],"curies":[{"name":"wp","href":"https:\/\/api.w.org\/{rel}","templated":true}]}}