{"id":1560,"date":"2025-06-12T02:53:07","date_gmt":"2025-06-12T02:53:07","guid":{"rendered":"https:\/\/customcncrouter.com\/?post_type=product&#038;p=1560"},"modified":"2025-06-12T02:53:07","modified_gmt":"2025-06-12T02:53:07","slug":"customized-5-axis-cnc-machining-centres-for-timber-construction","status":"publish","type":"product","link":"https:\/\/customcncrouter.com\/es\/customized-5-axis-cnc-machining-centres-for-timber-construction\/","title":{"rendered":"Centros de mecanizado CNC de 5 ejes personalizados para la construcci\u00f3n en madera"},"content":{"rendered":"<p>Puede aplicarse a casas de madera antigua, construcciones de madera<\/p>\n<table>\n<tbody>\n<tr>\n<td width=\"152\">Descripci\u00f3n<\/td>\n<td width=\"256\">Par\u00e1metro<\/td>\n<\/tr>\n<tr>\n<td width=\"152\">X,Y,Z \u00c1rea de trabajo<\/td>\n<td width=\"256\">1600*18000*1000mm<\/td>\n<\/tr>\n<tr>\n<td width=\"152\">Tama\u00f1o de la tabla<\/td>\n<td width=\"256\">3850\u00d727000mm*3500mm<\/td>\n<\/tr>\n<tr>\n<td width=\"152\">Precisi\u00f3n de posicionamiento de desplazamiento X,Y,Z<\/td>\n<td width=\"256\">\u00b10,01\/1000 mm<\/td>\n<\/tr>\n<tr>\n<td width=\"152\">CA<\/td>\n<td width=\"256\">Rotaci\u00f3n de 120 y 245 grados<\/td>\n<\/tr>\n<tr>\n<td width=\"152\">Superficie de la mesa<\/td>\n<td width=\"256\">Mesa de hierro fundido<\/td>\n<\/tr>\n<tr>\n<td width=\"152\">Marco<\/td>\n<td width=\"256\">Gran estructura de tubo de acero con tratamiento t\u00e9rmico<\/td>\n<\/tr>\n<tr>\n<td width=\"152\">Estructura X, Y<\/td>\n<td width=\"256\">Accionamiento por cremallera, rodamientos lineales sobre ra\u00edles Taiwan<\/td>\n<\/tr>\n<tr>\n<td width=\"152\">Estructura Z<\/td>\n<td width=\"256\">Rodamientos lineales y husillos de bolas Hiwin Rail<\/td>\n<\/tr>\n<tr>\n<td width=\"152\">M\u00e1x. Consumo de energ\u00eda<\/td>\n<td width=\"256\">(sin husillo) 15 Kw<\/td>\n<\/tr>\n<tr>\n<td width=\"152\">Max. Velocidad de desplazamiento r\u00e1pido<\/td>\n<td width=\"256\">40000mm\/min<\/td>\n<\/tr>\n<tr>\n<td width=\"152\">M\u00e1x. Velocidad de trabajo<\/td>\n<td width=\"256\">30000mm\/min<\/td>\n<\/tr>\n<tr>\n<td width=\"152\">Potencia del husillo<\/td>\n<td width=\"256\">10\/12\/14<\/td>\n<\/tr>\n<tr>\n<td width=\"152\">Velocidad del cabezal<\/td>\n<td width=\"256\">0-24000RPM<\/td>\n<\/tr>\n<tr>\n<td width=\"152\">Motores de accionamiento<\/td>\n<td width=\"256\">XY 1300W Motores Yaskawa Z AXIS1800W<\/td>\n<\/tr>\n<tr>\n<td width=\"152\">Tensi\u00f3n de trabajo<\/td>\n<td width=\"256\">AC380V\/50\/60Hz,3PH (Opci\u00f3n: 220V))<\/td>\n<\/tr>\n<tr>\n<td width=\"152\">Lenguaje de comandos<\/td>\n<td width=\"256\">C\u00f3digo G<\/td>\n<\/tr>\n<tr>\n<td width=\"152\">Sistema operativo<\/td>\n<td width=\"256\">Sistema de control Syntec\/TPA \/OSAI<\/td>\n<\/tr>\n<tr>\n<td width=\"152\">Interfaz de ordenador<\/td>\n<td width=\"256\">USB<\/td>\n<\/tr>\n<tr>\n<td width=\"152\">Memoria Flash<\/td>\n<td width=\"256\">512M<\/td>\n<\/tr>\n<tr>\n<td width=\"152\">Pinza<\/td>\n<td width=\"256\">HSKF63 ER40<\/td>\n<\/tr>\n<tr>\n<td width=\"152\">Resoluci\u00f3n X,Y<\/td>\n<td width=\"256\">&lt;0,01 mm<\/td>\n<\/tr>\n<tr>\n<td width=\"152\">Compatibilidad del software<\/td>\n<td width=\"256\">\u00a0software powermill UG<\/td>\n<\/tr>\n<tr>\n<td width=\"152\">Temperatura ambiente de funcionamiento<\/td>\n<td width=\"256\">0 - 45 grados cent\u00edgrados<\/td>\n<\/tr>\n<tr>\n<td width=\"152\">Humedad relativa<\/td>\n<td width=\"256\">30%\u00a0&#8211;\u00a075%<\/td>\n<\/tr>\n<tr>\n<td width=\"152\">Tama\u00f1o del embalaje<\/td>\n<td width=\"256\">5500X2100X2300mm<\/td>\n<\/tr>\n<tr>\n<td width=\"152\">N.O.<\/td>\n<td width=\"256\">46000KG<\/td>\n<\/tr>\n<tr>\n<td width=\"152\">G.W.<\/td>\n<td width=\"256\">48000KG<\/td>\n<\/tr>\n<\/tbody>\n<\/table>\n<p>&nbsp;<\/p>","protected":false},"excerpt":{"rendered":"<p>Dise\u00f1ada para casas de madera antiguas y entramado de madera con una enorme capacidad del eje X de 18 m y una construcci\u00f3n pesada de 48 toneladas. La mesa de hierro fundido soporta vigas de gran tama\u00f1o a la vez que consigue una precisi\u00f3n de \u00b10,01 mm mediante el servosistema Yaskawa calibrado por l\u00e1ser (1300W XY\/1800W Z) y el husillo de 24k RPM (opciones de 10\/12\/14kW). Corte de carpinter\u00eda compleja a alta velocidad (40 m\/min) en \u00e1ngulos extremos A120\u00b0\/C245\u00b0. Controles Syntec\/OSAI probados en la industria con compatibilidad UG\/PowerMill para t\u00e9cnicas de carpinter\u00eda tradicionales.<\/p>","protected":false},"featured_media":1561,"template":"","meta":{"_gspb_post_css":""},"product_brand":[],"product_cat":[40],"product_tag":[],"class_list":{"0":"post-1560","1":"product","2":"type-product","3":"status-publish","4":"has-post-thumbnail","6":"product_cat-5-axis-cnc-router","8":"first","9":"instock","10":"shipping-taxable","11":"product-type-simple"},"_links":{"self":[{"href":"https:\/\/customcncrouter.com\/es\/wp-json\/wp\/v2\/product\/1560","targetHints":{"allow":["GET"]}}],"collection":[{"href":"https:\/\/customcncrouter.com\/es\/wp-json\/wp\/v2\/product"}],"about":[{"href":"https:\/\/customcncrouter.com\/es\/wp-json\/wp\/v2\/types\/product"}],"wp:featuredmedia":[{"embeddable":true,"href":"https:\/\/customcncrouter.com\/es\/wp-json\/wp\/v2\/media\/1561"}],"wp:attachment":[{"href":"https:\/\/customcncrouter.com\/es\/wp-json\/wp\/v2\/media?parent=1560"}],"wp:term":[{"taxonomy":"product_brand","embeddable":true,"href":"https:\/\/customcncrouter.com\/es\/wp-json\/wp\/v2\/product_brand?post=1560"},{"taxonomy":"product_cat","embeddable":true,"href":"https:\/\/customcncrouter.com\/es\/wp-json\/wp\/v2\/product_cat?post=1560"},{"taxonomy":"product_tag","embeddable":true,"href":"https:\/\/customcncrouter.com\/es\/wp-json\/wp\/v2\/product_tag?post=1560"}],"curies":[{"name":"wp","href":"https:\/\/api.w.org\/{rel}","templated":true}]}}