{"id":1555,"date":"2025-06-12T02:39:38","date_gmt":"2025-06-12T02:39:38","guid":{"rendered":"https:\/\/customcncrouter.com\/?post_type=product&#038;p=1555"},"modified":"2025-06-12T02:39:38","modified_gmt":"2025-06-12T02:39:38","slug":"customized-double-table-ptp-5-axis-cnc-router","status":"publish","type":"product","link":"https:\/\/customcncrouter.com\/es\/customized-double-table-ptp-5-axis-cnc-router\/","title":{"rendered":"Fresadora cnc doble mesa PTP 5 ejes ST-3015 a medida"},"content":{"rendered":"<p>Se puede aplicar a los muebles de MDF , muebles de madera maciza, PVC \/ PP \/ PE, ABS, caucho, poliuretano, fibra de vidrio, fibra de carbono y otros materiales compuestos para ranurado, biselado, punzonado, ranuras de gancho y otros procesos y m\u00faltiples \u00e1ngulos de alta precisi\u00f3n y procesamiento de alta eficiencia.<\/p>\n<p>Husillo Itlay HSD 15KW refrigerado por aire Colector HSK63F<\/p>\n<p>Cabezal de mandrinar Itlay HSD<\/p>\n<p>Servomotor y controlador Yaskawa de Jap\u00f3n<\/p>\n<p>Almac\u00e9n de herramientas rotativas de 12 posiciones<\/p>\n<p>Alemania Mesa de vac\u00edo Schmalz<\/p>\n<p>Controlador syntec de Taiw\u00e1n<\/p>\n<p>Bomba de vac\u00edo 7,5kw 250m3\/h<\/p>\n<p>Funciona con todos los programas CAD\/CAM est\u00e1ndar del sector<\/p>\n<table>\n<tbody>\n<tr>\n<td width=\"37\">umber<\/td>\n<td width=\"222\">Descripci\u00f3n<\/td>\n<td width=\"295\">Par\u00e1metro<\/td>\n<\/tr>\n<tr>\n<td width=\"37\">1<\/td>\n<td width=\"222\">X,Y,Z \u00c1rea de trabajo<\/td>\n<td width=\"295\">3000*15000*1000mm 1500*1500*1000<\/td>\n<\/tr>\n<tr>\n<td width=\"37\">2<\/td>\n<td width=\"222\">Tama\u00f1o de la tabla<\/td>\n<td width=\"295\">3000\u00d71500mm<\/td>\n<\/tr>\n<tr>\n<td width=\"37\">3<\/td>\n<td width=\"222\">Precisi\u00f3n de posicionamiento de desplazamiento X,Y,Z<\/td>\n<td width=\"295\">\u00b10,01\/1000 mm<\/td>\n<\/tr>\n<tr>\n<td width=\"37\">4<\/td>\n<td width=\"222\">A C ROTARY<\/td>\n<td width=\"295\">A 120 grados C 240 grados<\/td>\n<\/tr>\n<tr>\n<td width=\"37\">5<\/td>\n<td width=\"222\">Superficie de la mesa<\/td>\n<td width=\"295\">Mesa PTP con ventosas shmalz<\/td>\n<\/tr>\n<tr>\n<td width=\"37\">6<\/td>\n<td width=\"222\">Marco<\/td>\n<td width=\"295\">Gran estructura de tubo de acero con tratamiento t\u00e9rmico<\/td>\n<\/tr>\n<tr>\n<td width=\"37\">7<\/td>\n<td width=\"222\">Estructura X, Y<\/td>\n<td width=\"295\">Accionamiento por cremallera, rodamientos lineales sobre ra\u00edles Hiwin<\/td>\n<\/tr>\n<tr>\n<td width=\"37\">8<\/td>\n<td width=\"222\">Estructura Z<\/td>\n<td width=\"295\">Rodamientos lineales y husillos de bolas Hiwin Rail<\/td>\n<\/tr>\n<tr>\n<td width=\"37\">9<\/td>\n<td width=\"222\">M\u00e1x. Consumo de energ\u00eda<\/td>\n<td width=\"295\">(sin husillo) 16 Kw<\/td>\n<\/tr>\n<tr>\n<td width=\"37\">10<\/td>\n<td width=\"222\">Max. Velocidad de desplazamiento r\u00e1pido<\/td>\n<td width=\"295\">40000mm\/min<\/td>\n<\/tr>\n<tr>\n<td width=\"37\">11<\/td>\n<td width=\"222\">M\u00e1x. Velocidad de trabajo<\/td>\n<td width=\"295\">30000mm\/min<\/td>\n<\/tr>\n<tr>\n<td width=\"37\">12<\/td>\n<td width=\"222\">Potencia del husillo<\/td>\n<td width=\"295\">Husillo HSD 15kw<\/td>\n<\/tr>\n<tr>\n<td width=\"37\">13<\/td>\n<td width=\"222\">Cabezal de mandrinar<\/td>\n<td width=\"295\">HSD 9v3h1s<\/td>\n<\/tr>\n<tr>\n<td width=\"37\">14<\/td>\n<td width=\"222\">Velocidad del cabezal<\/td>\n<td width=\"295\">0-24000RPM<\/td>\n<\/tr>\n<tr>\n<td width=\"37\">15<\/td>\n<td width=\"222\">Motores de accionamiento<\/td>\n<td width=\"295\">\u00a0Motores Yaskawa<\/td>\n<\/tr>\n<tr>\n<td width=\"37\">16<\/td>\n<td width=\"222\">Tensi\u00f3n de trabajo<\/td>\n<td width=\"295\">AC380V\/50\/60Hz,3PH<\/td>\n<\/tr>\n<tr>\n<td width=\"37\">17<\/td>\n<td width=\"222\">Lenguaje de comandos<\/td>\n<td width=\"295\">C\u00f3digo G<\/td>\n<\/tr>\n<tr>\n<td width=\"37\">18<\/td>\n<td width=\"222\">Sistema operativo<\/td>\n<td width=\"295\">osai<\/td>\n<\/tr>\n<tr>\n<td width=\"37\">18<\/td>\n<td width=\"222\">Interfaz de ordenador<\/td>\n<td width=\"295\">USB<\/td>\n<\/tr>\n<tr>\n<td width=\"37\">19<\/td>\n<td width=\"222\">Memoria Flash<\/td>\n<td width=\"295\">512M<\/td>\n<\/tr>\n<tr>\n<td width=\"37\">20<\/td>\n<td width=\"222\">Pinza<\/td>\n<td width=\"295\">HSK-F63<\/td>\n<\/tr>\n<tr>\n<td width=\"37\">21<\/td>\n<td width=\"222\">Resoluci\u00f3n X,Y<\/td>\n<td width=\"295\">&lt;0,01 mm<\/td>\n<\/tr>\n<tr>\n<td width=\"37\">22<\/td>\n<td width=\"222\">Compatibilidad del software<\/td>\n<td width=\"295\">Type3\/UcancameV9 powermill UG software<\/td>\n<\/tr>\n<tr>\n<td width=\"37\">23<\/td>\n<td width=\"222\">Temperatura ambiente de funcionamiento<\/td>\n<td width=\"295\">0 - 45 grados cent\u00edgrados<\/td>\n<\/tr>\n<tr>\n<td width=\"37\">24<\/td>\n<td width=\"222\">Humedad relativa<\/td>\n<td width=\"295\">30%\u00a0&#8211;\u00a075%<\/td>\n<\/tr>\n<tr>\n<td width=\"37\">25<\/td>\n<td width=\"222\">Tama\u00f1o del embalaje<\/td>\n<td width=\"295\">5500X2100X2300mm<\/td>\n<\/tr>\n<tr>\n<td width=\"37\">26<\/td>\n<td width=\"222\">N.O.<\/td>\n<td width=\"295\">16000KG<\/td>\n<\/tr>\n<tr>\n<td width=\"37\">27<\/td>\n<td width=\"222\">G.W.<\/td>\n<td width=\"295\">18000kG<\/td>\n<\/tr>\n<\/tbody>\n<\/table>\n<p>&nbsp;<\/p>","protected":false},"excerpt":{"rendered":"<p>Domina el mobiliario de gran formato, los compuestos aeroespaciales y el moldeado de pol\u00edmeros con una zona de trabajo l\u00edder en el sector de 3000x15000x1000 mm (1500x1500x1000 mm opcional). Ofrece una rotaci\u00f3n extrema A\u00b1120\u00b0\/C\u00b1240\u00b0 y un mecanizado de precisi\u00f3n microm\u00e9trica (\u00b10,01\/1000 mm) con componentes de primera calidad: Husillo HSD 15kW (24k RPM), cabezal de mandrinar HSD 9v3h1s de Italia, servos Yaskawa y tecnolog\u00eda de vac\u00edo Schmalz. El pesado bastidor de acero con tratamiento t\u00e9rmico garantiza la estabilidad durante las operaciones de ranurado y biselado a alta velocidad (40 m\/min).<\/p>","protected":false},"featured_media":1556,"template":"","meta":{"_gspb_post_css":""},"product_brand":[],"product_cat":[40],"product_tag":[],"class_list":{"0":"post-1555","1":"product","2":"type-product","3":"status-publish","4":"has-post-thumbnail","6":"product_cat-5-axis-cnc-router","8":"first","9":"instock","10":"shipping-taxable","11":"product-type-simple"},"_links":{"self":[{"href":"https:\/\/customcncrouter.com\/es\/wp-json\/wp\/v2\/product\/1555","targetHints":{"allow":["GET"]}}],"collection":[{"href":"https:\/\/customcncrouter.com\/es\/wp-json\/wp\/v2\/product"}],"about":[{"href":"https:\/\/customcncrouter.com\/es\/wp-json\/wp\/v2\/types\/product"}],"wp:featuredmedia":[{"embeddable":true,"href":"https:\/\/customcncrouter.com\/es\/wp-json\/wp\/v2\/media\/1556"}],"wp:attachment":[{"href":"https:\/\/customcncrouter.com\/es\/wp-json\/wp\/v2\/media?parent=1555"}],"wp:term":[{"taxonomy":"product_brand","embeddable":true,"href":"https:\/\/customcncrouter.com\/es\/wp-json\/wp\/v2\/product_brand?post=1555"},{"taxonomy":"product_cat","embeddable":true,"href":"https:\/\/customcncrouter.com\/es\/wp-json\/wp\/v2\/product_cat?post=1555"},{"taxonomy":"product_tag","embeddable":true,"href":"https:\/\/customcncrouter.com\/es\/wp-json\/wp\/v2\/product_tag?post=1555"}],"curies":[{"name":"wp","href":"https:\/\/api.w.org\/{rel}","templated":true}]}}