{"id":1551,"date":"2025-06-12T02:31:11","date_gmt":"2025-06-12T02:31:11","guid":{"rendered":"https:\/\/customcncrouter.com\/?post_type=product&#038;p=1551"},"modified":"2025-06-12T02:31:11","modified_gmt":"2025-06-12T02:31:11","slug":"customized-furniture-making-5-axis-cnc-router-center","status":"publish","type":"product","link":"https:\/\/customcncrouter.com\/es\/customized-furniture-making-5-axis-cnc-router-center\/","title":{"rendered":"fabricaci\u00f3n de muebles personalizados 5 ejes CNC router centro ST-1525"},"content":{"rendered":"<p>Se puede aplicar a los muebles de madera maciza, PVC \/ PP \/ PE, ABS, caucho, poliuretano, fibra de vidrio, fibra de carbono y otros materiales compuestos para ranurado, biselado, punzonado, ranuras de gancho y otros procesos y m\u00faltiples \u00e1ngulos de alta precisi\u00f3n y procesamiento de alta eficiencia.<\/p>\n<table>\n<tbody>\n<tr>\n<td width=\"42\">N\u00famero<\/td>\n<td width=\"196\">Descripci\u00f3n<\/td>\n<td width=\"265\">Par\u00e1metro<\/td>\n<\/tr>\n<tr>\n<td width=\"42\">1<\/td>\n<td width=\"196\">X,Y,Z \u00c1rea de trabajo<\/td>\n<td width=\"265\">1500*2500*600mm<\/td>\n<\/tr>\n<tr>\n<td width=\"42\">2<\/td>\n<td width=\"196\">Tama\u00f1o de la tabla<\/td>\n<td width=\"265\">2000\u00d73500mm<\/td>\n<\/tr>\n<tr>\n<td width=\"42\">3<\/td>\n<td width=\"196\">Precisi\u00f3n de posicionamiento de desplazamiento X,Y,Z<\/td>\n<td width=\"265\">\u00b10,01\/600 mm<\/td>\n<\/tr>\n<tr>\n<td width=\"42\">4<\/td>\n<td width=\"196\">A C ROTARY<\/td>\n<td width=\"265\">A 110 grados C 220 grados<\/td>\n<\/tr>\n<tr>\n<td width=\"42\">5<\/td>\n<td width=\"196\">Superficie de la mesa<\/td>\n<td width=\"265\">Mesa de vac\u00edo con ventosas para fijar muebles peque\u00f1os<\/td>\n<\/tr>\n<tr>\n<td width=\"42\">6<\/td>\n<td width=\"196\">Marco<\/td>\n<td width=\"265\">Gran estructura de tubo de acero con tratamiento t\u00e9rmico<\/td>\n<\/tr>\n<tr>\n<td width=\"42\">7<\/td>\n<td width=\"196\">Estructura X, Y<\/td>\n<td width=\"265\">Accionamiento por cremallera, rodamientos lineales sobre ra\u00edles Hiwin<\/td>\n<\/tr>\n<tr>\n<td width=\"42\">8<\/td>\n<td width=\"196\">Estructura Z<\/td>\n<td width=\"265\">Rodamientos lineales y husillos de bolas Hiwin Rail<\/td>\n<\/tr>\n<tr>\n<td width=\"42\">9<\/td>\n<td width=\"196\">M\u00e1x. Consumo de energ\u00eda<\/td>\n<td width=\"265\">(sin husillo) 10 Kw<\/td>\n<\/tr>\n<tr>\n<td width=\"42\">10<\/td>\n<td width=\"196\">Max. Velocidad de desplazamiento r\u00e1pido<\/td>\n<td width=\"265\">40000mm\/min<\/td>\n<\/tr>\n<tr>\n<td width=\"42\">11<\/td>\n<td width=\"196\">M\u00e1x. Velocidad de trabajo<\/td>\n<td width=\"265\">30000mm\/min<\/td>\n<\/tr>\n<tr>\n<td width=\"42\">12<\/td>\n<td width=\"196\">Potencia del husillo<\/td>\n<td width=\"265\">12 kw<\/td>\n<\/tr>\n<tr>\n<td width=\"42\">13<\/td>\n<td width=\"196\">Velocidad del cabezal<\/td>\n<td width=\"265\">0-24000RPM<\/td>\n<\/tr>\n<tr>\n<td width=\"42\">14<\/td>\n<td width=\"196\">Motores de accionamiento<\/td>\n<td width=\"265\">\u00a0Motores Yaskawa<\/td>\n<\/tr>\n<tr>\n<td width=\"42\">15<\/td>\n<td width=\"196\">Tensi\u00f3n de trabajo<\/td>\n<td width=\"265\">AC380V\/50\/60Hz,3PH (Opci\u00f3n: 220V))<\/td>\n<\/tr>\n<tr>\n<td width=\"42\">16<\/td>\n<td width=\"196\">Lenguaje de comandos<\/td>\n<td width=\"265\">C\u00f3digo G<\/td>\n<\/tr>\n<tr>\n<td width=\"42\">17<\/td>\n<td width=\"196\">Sistema operativo<\/td>\n<td width=\"265\">Sistema de control Syntec\/TPA \/osai<\/td>\n<\/tr>\n<tr>\n<td width=\"42\">18<\/td>\n<td width=\"196\">Interfaz de ordenador<\/td>\n<td width=\"265\">USB<\/td>\n<\/tr>\n<tr>\n<td width=\"42\">19<\/td>\n<td width=\"196\">Memoria Flash<\/td>\n<td width=\"265\">512M<\/td>\n<\/tr>\n<tr>\n<td width=\"42\">20<\/td>\n<td width=\"196\">Pinza<\/td>\n<td width=\"265\">HSK-F63<\/td>\n<\/tr>\n<tr>\n<td width=\"42\">21<\/td>\n<td width=\"196\">Resoluci\u00f3n X,Y<\/td>\n<td width=\"265\">&lt;0,01 mm<\/td>\n<\/tr>\n<tr>\n<td width=\"42\">22<\/td>\n<td width=\"196\">Compatibilidad del software<\/td>\n<td width=\"265\">Type3\/UcancameV9 powermill UG software<\/td>\n<\/tr>\n<tr>\n<td width=\"42\">23<\/td>\n<td width=\"196\">Temperatura ambiente de funcionamiento<\/td>\n<td width=\"265\">0 - 45 grados cent\u00edgrados<\/td>\n<\/tr>\n<tr>\n<td width=\"42\">24<\/td>\n<td width=\"196\">Humedad relativa<\/td>\n<td width=\"265\">30%\u00a0&#8211;\u00a075%<\/td>\n<\/tr>\n<tr>\n<td width=\"42\">25<\/td>\n<td width=\"196\">Tama\u00f1o del embalaje<\/td>\n<td width=\"265\">5500X2100X2300mm<\/td>\n<\/tr>\n<tr>\n<td width=\"42\">26<\/td>\n<td width=\"196\">N.O.<\/td>\n<td width=\"265\">5000KG<\/td>\n<\/tr>\n<tr>\n<td width=\"42\">27<\/td>\n<td width=\"196\">G.W.<\/td>\n<td width=\"265\">6000kG<\/td>\n<\/tr>\n<tr>\n<td rowspan=\"6\" width=\"42\">28<\/td>\n<td rowspan=\"6\" width=\"196\">Piezas opcionales<\/td>\n<td width=\"265\">Captadores de polvo para tres ejes<\/td>\n<\/tr>\n<tr>\n<td width=\"265\">Bomba de vac\u00edo<\/td>\n<\/tr>\n<tr>\n<td width=\"265\">Sistema rotativo<\/td>\n<\/tr>\n<tr>\n<td width=\"265\">Sistema de refrigeraci\u00f3n por niebla<\/td>\n<\/tr>\n<tr>\n<td width=\"265\">Servomotores Delta\/ Panasonic<\/td>\n<\/tr>\n<tr>\n<td width=\"265\">Husillo Colombo<\/td>\n<\/tr>\n<\/tbody>\n<\/table>\n<p>&nbsp;<\/p>","protected":false},"excerpt":{"rendered":"<p>Dise\u00f1ada para el procesamiento de madera maciza, PVC\/ABS y fibra de carbono (precisi\u00f3n de \u00b10,01 mm). Rotaci\u00f3n de \u00b1110\u00b0A\/\u00b1220\u00b0C para ensamblajes complejos, relieves 3D y ranurado. La mesa de vac\u00edo optimizada para muebles asegura las piezas de trabajo peque\u00f1as. Motores Yaskawa de alta calidad + husillo de 24k RPM proporcionan velocidades de corte de 40m\/min. El bastidor de acero con tratamiento t\u00e9rmico garantiza la estabilidad durante operaciones pesadas de 5 toneladas.<\/p>","protected":false},"featured_media":1553,"template":"","meta":{"_gspb_post_css":""},"product_brand":[],"product_cat":[40],"product_tag":[],"class_list":{"0":"post-1551","1":"product","2":"type-product","3":"status-publish","4":"has-post-thumbnail","6":"product_cat-5-axis-cnc-router","8":"first","9":"instock","10":"shipping-taxable","11":"product-type-simple"},"_links":{"self":[{"href":"https:\/\/customcncrouter.com\/es\/wp-json\/wp\/v2\/product\/1551","targetHints":{"allow":["GET"]}}],"collection":[{"href":"https:\/\/customcncrouter.com\/es\/wp-json\/wp\/v2\/product"}],"about":[{"href":"https:\/\/customcncrouter.com\/es\/wp-json\/wp\/v2\/types\/product"}],"wp:featuredmedia":[{"embeddable":true,"href":"https:\/\/customcncrouter.com\/es\/wp-json\/wp\/v2\/media\/1553"}],"wp:attachment":[{"href":"https:\/\/customcncrouter.com\/es\/wp-json\/wp\/v2\/media?parent=1551"}],"wp:term":[{"taxonomy":"product_brand","embeddable":true,"href":"https:\/\/customcncrouter.com\/es\/wp-json\/wp\/v2\/product_brand?post=1551"},{"taxonomy":"product_cat","embeddable":true,"href":"https:\/\/customcncrouter.com\/es\/wp-json\/wp\/v2\/product_cat?post=1551"},{"taxonomy":"product_tag","embeddable":true,"href":"https:\/\/customcncrouter.com\/es\/wp-json\/wp\/v2\/product_tag?post=1551"}],"curies":[{"name":"wp","href":"https:\/\/api.w.org\/{rel}","templated":true}]}}