{"id":1539,"date":"2025-06-10T03:49:52","date_gmt":"2025-06-10T03:49:52","guid":{"rendered":"https:\/\/customcncrouter.com\/?post_type=product&#038;p=1539"},"modified":"2025-06-10T03:50:23","modified_gmt":"2025-06-10T03:50:23","slug":"stone-aluminum-5-axis-cnc-router-for-foundry-pattern-machining","status":"publish","type":"product","link":"https:\/\/customcncrouter.com\/es\/stone-aluminum-5-axis-cnc-router-for-foundry-pattern-machining\/","title":{"rendered":"China piedra aluminio 5 ejes CNC router para fundici\u00f3n patr\u00f3n mecanizado ST-2550"},"content":{"rendered":"<p><strong><b>Detalles del eje Suntec 5\u00a0<\/b><\/strong><\/p>\n<ol>\n<li>suntec 5 ejes XYZAC 5 ejes XYZ 3 ejes movimiento A +_110 eje C +_245 grados rotativo<\/li>\n<\/ol>\n<p>que puede moler recortar cortar tallar grabar la superficie del material de trabajo, tales como materiales compuestos sucha fibra de vidrio de carbono Eps espuma de poliestireno, pl\u00e1stico de aluminio madera dura, etc suntec 5 ejes se puede aplicar boquilla del motor de cohete l\u00edquido un transbordador espacial cono de la nariz aviones disco de freno molde de madera,<\/p>\n<p>coche avi\u00f3n barco yate molde piezas de fundici\u00f3n dieing no metal fabricaci\u00f3n de moldes, etc .<\/p>\n<ol start=\"2\">\n<li>suntec 5 axis all used Top-brand parts HSD spindle hitec spindle italy Demas 5 axis head ,hsd spindle TPA osai or syntec controller . japan yaskawa absolutely driver and motor helica 3M gear to make sure high precision 0.1mm can be use longlife and low cost low time to maintainance .<\/li>\n<li>Suntec 5 ejes todo uso pesado-grueso acero soldado con aut\u00f3gena algunas partes 12mm grueso algunos incluso 20 mm soldado con aut\u00f3gena p\u00f3rtico lengs todo heattreatment para eliminar s\u00ed mismo rigidez para asegurarse de longlife uso no deformado, todo strucutre por 5 cnc centro para fresar una patas cuadradas gu\u00eda necesidad 3-5 d\u00edas por 5 lados cnc centro para fresar baja velocidad alto par para asegurarse de alta precisi\u00f3n.<\/li>\n<li>Suntec 5 ejes mesa de trabajo mesa de hierro fundido una mesa de 5-20t de acuerdo a su material de trabajo para decidir que tambi\u00e9n puede asegurarse de alta precisi\u00f3n .<\/li>\n<li>Suntec 5 ejes cnc instalar el uso de l\u00e1ser para ajustar XYZAX callbrate alineaci\u00f3n para asegurarse de alta<\/li>\n<\/ol>\n<p>precisi\u00f3n .<\/p>\n<table>\n<tbody>\n<tr>\n<td width=\"46\">N\u00famero<\/td>\n<td width=\"217\">Descripci\u00f3n<\/td>\n<td width=\"289\">Par\u00e1metro<\/td>\n<\/tr>\n<tr>\n<td width=\"46\">1<\/td>\n<td width=\"217\">X,Y,Z \u00c1rea de trabajo<\/td>\n<td width=\"289\">2500*5000*2000mm<\/td>\n<\/tr>\n<tr>\n<td width=\"46\">2<\/td>\n<td width=\"217\">Tama\u00f1o de la tabla<\/td>\n<td width=\"289\">4300\u00d78000mm<\/td>\n<\/tr>\n<tr>\n<td width=\"46\">3<\/td>\n<td width=\"217\">Precisi\u00f3n de posicionamiento de desplazamiento X,Y,Z<\/td>\n<td width=\"289\">\u00b10,01\/2000mm<\/td>\n<\/tr>\n<tr>\n<td width=\"46\">4<\/td>\n<td width=\"217\">Un eje<\/td>\n<td width=\"289\">A \u00b1110 grados<\/td>\n<\/tr>\n<tr>\n<td width=\"46\">5<\/td>\n<td width=\"217\">C rotativa<\/td>\n<td width=\"289\">C\u00b1 245 grados<\/td>\n<\/tr>\n<tr>\n<td width=\"46\">5<\/td>\n<td width=\"217\">Tipo movido<\/td>\n<td width=\"289\">\u00a0P\u00f3rtico movido<\/td>\n<\/tr>\n<tr>\n<td width=\"46\">6<\/td>\n<td width=\"217\">Marco<\/td>\n<td width=\"289\">Gran estructura de tubo de acero con tratamiento t\u00e9rmico<\/td>\n<\/tr>\n<tr>\n<td width=\"46\">7<\/td>\n<td width=\"217\">Estructura X, Y<\/td>\n<td width=\"289\">Accionamiento por cremallera, rodamientos lineales sobre ra\u00edles Hiwin<\/td>\n<\/tr>\n<tr>\n<td width=\"46\">8<\/td>\n<td width=\"217\">Estructura Z<\/td>\n<td width=\"289\">Rodamientos lineales de carril Hiwin y husillo de bolas TBI<\/td>\n<\/tr>\n<tr>\n<td width=\"46\">9<\/td>\n<td width=\"217\">M\u00e1x. Consumo de energ\u00eda<\/td>\n<td width=\"289\">(sin husillo) 12 Kw<\/td>\n<\/tr>\n<tr>\n<td width=\"46\">10<\/td>\n<td width=\"217\">Max. Velocidad de desplazamiento r\u00e1pido<\/td>\n<td width=\"289\">40000mm\/min<\/td>\n<\/tr>\n<tr>\n<td width=\"46\">11<\/td>\n<td width=\"217\">M\u00e1x. Velocidad de trabajo<\/td>\n<td width=\"289\">30000mm\/min<\/td>\n<\/tr>\n<tr>\n<td width=\"46\">12<\/td>\n<td width=\"217\">Potencia del husillo<\/td>\n<td width=\"289\">18kw<\/td>\n<\/tr>\n<tr>\n<td width=\"46\">13<\/td>\n<td width=\"217\">Velocidad del cabezal<\/td>\n<td width=\"289\">0-24000RPM<\/td>\n<\/tr>\n<tr>\n<td width=\"46\">14<\/td>\n<td width=\"217\">Motores de accionamiento<\/td>\n<td width=\"289\">Motores Yaskawa<\/td>\n<\/tr>\n<tr>\n<td width=\"46\">15<\/td>\n<td width=\"217\">Tensi\u00f3n de trabajo<\/td>\n<td width=\"289\">AC380V\/50\/60Hz,3PH (Opci\u00f3n: 220V))<\/td>\n<\/tr>\n<tr>\n<td width=\"46\">16<\/td>\n<td width=\"217\">Lenguaje de comandos<\/td>\n<td width=\"289\">C\u00f3digo G<\/td>\n<\/tr>\n<tr>\n<td width=\"46\">17<\/td>\n<td width=\"217\">Sistema operativo<\/td>\n<td width=\"289\">Sistema de control Syntec\/TPA \/osai<\/td>\n<\/tr>\n<tr>\n<td width=\"46\">18<\/td>\n<td width=\"217\">Interfaz de ordenador<\/td>\n<td width=\"289\">USB<\/td>\n<\/tr>\n<tr>\n<td width=\"46\">19<\/td>\n<td width=\"217\">Memoria Flash<\/td>\n<td width=\"289\">512M<\/td>\n<\/tr>\n<tr>\n<td width=\"46\">20<\/td>\n<td width=\"217\">Pinza<\/td>\n<td width=\"289\">HSK-F63<\/td>\n<\/tr>\n<tr>\n<td width=\"46\">21<\/td>\n<td width=\"217\">Resoluci\u00f3n X,Y<\/td>\n<td width=\"289\">&lt;0,01 mm<\/td>\n<\/tr>\n<tr>\n<td width=\"46\">22<\/td>\n<td width=\"217\">Compatibilidad del software<\/td>\n<td width=\"289\">\u00a0software powermill UG<\/td>\n<\/tr>\n<tr>\n<td width=\"46\">23<\/td>\n<td width=\"217\">Temperatura ambiente de funcionamiento<\/td>\n<td width=\"289\">0 - 45 grados cent\u00edgrados<\/td>\n<\/tr>\n<tr>\n<td width=\"46\">24<\/td>\n<td width=\"217\">Humedad relativa<\/td>\n<td width=\"289\">30%\u00a0&#8211;\u00a075%<\/td>\n<\/tr>\n<tr>\n<td width=\"46\">25<\/td>\n<td width=\"217\">Tama\u00f1o del embalaje<\/td>\n<td width=\"289\">4500X2100X2300mm<\/td>\n<\/tr>\n<tr>\n<td width=\"46\">26<\/td>\n<td width=\"217\">N.O.<\/td>\n<td width=\"289\">16000KG<\/td>\n<\/tr>\n<tr>\n<td width=\"46\">27<\/td>\n<td width=\"217\">G.W.<\/td>\n<td width=\"289\">18000kG<\/td>\n<\/tr>\n<tr>\n<td rowspan=\"7\" width=\"46\">28<\/td>\n<td rowspan=\"7\" width=\"217\">Piezas opcionales<\/td>\n<td width=\"289\">Captadores de polvo para tres ejes<\/td>\n<\/tr>\n<tr>\n<td width=\"289\">Bomba de vac\u00edo<\/td>\n<\/tr>\n<tr>\n<td width=\"289\">Sistema rotativo<\/td>\n<\/tr>\n<tr>\n<td width=\"289\">Sistema de refrigeraci\u00f3n por niebla<\/td>\n<\/tr>\n<tr>\n<td width=\"289\">Servomotores Delta\/ Panasonic<\/td>\n<\/tr>\n<tr>\n<td width=\"289\">Husillo Colombo<\/td>\n<\/tr>\n<tr>\n<td width=\"289\">Tabla PTP de Schmalz<\/td>\n<\/tr>\n<\/tbody>\n<\/table>\n<p>&nbsp;<\/p>","protected":false},"excerpt":{"rendered":"<p>Domina piezas de gran tama\u00f1o (capacidad de 2500\u00d75000\u00d72000 mm) con una potencia de husillo industrial de 18 kW y estabilidad de p\u00f3rtico. Consigue una precisi\u00f3n microm\u00e9trica (\u00b10,01\/2000 mm) mediante calibraci\u00f3n l\u00e1ser y componentes de primera calidad (cabezal Demas italiano, motores Yaskawa). La rotaci\u00f3n extrema de \u00b1110\u00b0A\/\u00b1245\u00b0C permite trabajar con complejas herramientas aeroespaciales, militares y de moldes. Robusta construcci\u00f3n de acero con tratamiento t\u00e9rmico de 12-20 mm que soporta cargas de 5-20T. Procesa materiales compuestos, metales y madera a velocidades de 40 m\/min con husillos HSD\/Colombo actualizables (24k RPM) y mesa de vac\u00edo Schmalz.<\/p>","protected":false},"featured_media":1540,"template":"","meta":{"_gspb_post_css":""},"product_brand":[],"product_cat":[40],"product_tag":[],"class_list":{"0":"post-1539","1":"product","2":"type-product","3":"status-publish","4":"has-post-thumbnail","6":"product_cat-5-axis-cnc-router","8":"first","9":"instock","10":"shipping-taxable","11":"product-type-simple"},"_links":{"self":[{"href":"https:\/\/customcncrouter.com\/es\/wp-json\/wp\/v2\/product\/1539","targetHints":{"allow":["GET"]}}],"collection":[{"href":"https:\/\/customcncrouter.com\/es\/wp-json\/wp\/v2\/product"}],"about":[{"href":"https:\/\/customcncrouter.com\/es\/wp-json\/wp\/v2\/types\/product"}],"wp:featuredmedia":[{"embeddable":true,"href":"https:\/\/customcncrouter.com\/es\/wp-json\/wp\/v2\/media\/1540"}],"wp:attachment":[{"href":"https:\/\/customcncrouter.com\/es\/wp-json\/wp\/v2\/media?parent=1539"}],"wp:term":[{"taxonomy":"product_brand","embeddable":true,"href":"https:\/\/customcncrouter.com\/es\/wp-json\/wp\/v2\/product_brand?post=1539"},{"taxonomy":"product_cat","embeddable":true,"href":"https:\/\/customcncrouter.com\/es\/wp-json\/wp\/v2\/product_cat?post=1539"},{"taxonomy":"product_tag","embeddable":true,"href":"https:\/\/customcncrouter.com\/es\/wp-json\/wp\/v2\/product_tag?post=1539"}],"curies":[{"name":"wp","href":"https:\/\/api.w.org\/{rel}","templated":true}]}}