{"id":1560,"date":"2025-06-12T02:53:07","date_gmt":"2025-06-12T02:53:07","guid":{"rendered":"https:\/\/customcncrouter.com\/?post_type=product&#038;p=1560"},"modified":"2025-06-12T02:53:07","modified_gmt":"2025-06-12T02:53:07","slug":"customized-5-axis-cnc-machining-centres-for-timber-construction","status":"publish","type":"product","link":"https:\/\/customcncrouter.com\/ar\/customized-5-axis-cnc-machining-centres-for-timber-construction\/","title":{"rendered":"\u0645\u0631\u0627\u0643\u0632 \u0627\u0644\u0645\u0627\u0643\u064a\u0646\u0627\u062a \u0628\u0646\u0638\u0627\u0645 \u0627\u0644\u062a\u062d\u0643\u0645 \u0627\u0644\u0631\u0642\u0645\u064a \u0630\u0627\u062a 5 \u0645\u062d\u0627\u0648\u0631 \u0645\u062e\u0635\u0635\u0629 \u0644\u0628\u0646\u0627\u0621 \u0627\u0644\u0623\u062e\u0634\u0627\u0628"},"content":{"rendered":"<p>\u064a\u0645\u0643\u0646 \u062a\u0637\u0628\u064a\u0642\u0647\u0627 \u0639\u0644\u0649 \u0627\u0644\u0645\u0646\u0627\u0632\u0644 \u0627\u0644\u062e\u0634\u0628\u064a\u0629 \u0627\u0644\u0642\u062f\u064a\u0645\u0629 \u0648\u0627\u0644\u0628\u0646\u0627\u0621 \u0627\u0644\u062e\u0634\u0628\u064a<\/p>\n<table>\n<tbody>\n<tr>\n<td width=\"152\">\u0627\u0644\u0648\u0635\u0641<\/td>\n<td width=\"256\">\u0627\u0644\u0645\u0639\u0644\u0645\u0629<\/td>\n<\/tr>\n<tr>\n<td width=\"152\">\u0645\u0646\u0637\u0642\u0629 \u0627\u0644\u0639\u0645\u0644 X\u060c Y\u060c Z<\/td>\n<td width=\"256\">1600*18000*1000*1000 \u0645\u0645<\/td>\n<\/tr>\n<tr>\n<td width=\"152\">\u062d\u062c\u0645 \u0627\u0644\u062c\u062f\u0648\u0644<\/td>\n<td width=\"256\">3850\u00d727000 \u0645\u0645*3500 \u0645\u0645<\/td>\n<\/tr>\n<tr>\n<td width=\"152\">\u062f\u0642\u0629 \u062a\u062d\u062f\u064a\u062f \u0627\u0644\u0645\u0648\u0627\u0642\u0639 \u0627\u0644\u0645\u062a\u0646\u0642\u0644\u0629 X\u060c Y\u060c Z<\/td>\n<td width=\"256\">\u00b1 0.01\/1000 \u0645\u0645<\/td>\n<\/tr>\n<tr>\n<td width=\"152\">\u0645\u0643\u064a\u0641 \u0627\u0644\u0647\u0648\u0627\u0621<\/td>\n<td width=\"256\">\u062f\u0648\u0651\u0627\u0631 120 \u0648245 \u062f\u0631\u062c\u0629<\/td>\n<\/tr>\n<tr>\n<td width=\"152\">\u0633\u0637\u062d \u0627\u0644\u0637\u0627\u0648\u0644\u0629<\/td>\n<td width=\"256\">\u0637\u0627\u0648\u0644\u0629 \u0645\u0646 \u0627\u0644\u062d\u062f\u064a\u062f \u0627\u0644\u0632\u0647\u0631<\/td>\n<\/tr>\n<tr>\n<td width=\"152\">\u0627\u0644\u0625\u0637\u0627\u0631<\/td>\n<td width=\"256\">\u0647\u064a\u0643\u0644 \u0627\u0644\u0623\u0646\u0628\u0648\u0628 \u0627\u0644\u0641\u0648\u0644\u0627\u0630\u064a \u0627\u0644\u0643\u0628\u064a\u0631 \u0645\u0639 \u0627\u0644\u0645\u0639\u0627\u0644\u062c\u0629 \u0627\u0644\u062d\u0631\u0627\u0631\u064a\u0629<\/td>\n<\/tr>\n<tr>\n<td width=\"152\">\u0647\u064a\u0643\u0644 X\u060c Y<\/td>\n<td width=\"256\">\u0645\u062d\u0631\u0643 \u0627\u0644\u062d\u0627\u0645\u0644 \u0648\u0627\u0644\u062c\u0646\u0627\u062d\u060c \u0627\u0644\u0645\u062d\u0627\u0645\u0644 \u0627\u0644\u062e\u0637\u064a\u0629 \u0644\u0644\u0633\u0643\u0643 \u0627\u0644\u062d\u062f\u064a\u062f\u064a\u0629 \u0627\u0644\u062a\u0627\u064a\u0648\u0627\u0646\u064a\u0629<\/td>\n<\/tr>\n<tr>\n<td width=\"152\">\u0647\u064a\u0643\u0644 Z<\/td>\n<td width=\"256\">\u0627\u0644\u0645\u062d\u0627\u0645\u0644 \u0627\u0644\u062e\u0637\u064a\u0629 \u0644\u0644\u0633\u0643\u0643 \u0627\u0644\u062d\u062f\u064a\u062f\u064a\u0629 Hiwin \u0648\u0627\u0644\u0628\u0631\u0627\u063a\u064a \u0627\u0644\u0643\u0631\u0648\u064a\u0629<\/td>\n<\/tr>\n<tr>\n<td width=\"152\">\u0627\u0644\u062d\u062f \u0627\u0644\u0623\u0642\u0635\u0649. \u0627\u0633\u062a\u0647\u0644\u0627\u0643 \u0627\u0644\u0637\u0627\u0642\u0629<\/td>\n<td width=\"256\">(\u0628\u062f\u0648\u0646 \u0645\u063a\u0632\u0644) 15 \u0643\u064a\u0644\u0648\u0648\u0627\u0637<\/td>\n<\/tr>\n<tr>\n<td width=\"152\">\u0627\u0644\u062d\u062f \u0627\u0644\u0623\u0642\u0635\u0649 \u0645\u0639\u062f\u0644 \u0627\u0644\u0633\u0641\u0631 \u0627\u0644\u0633\u0631\u064a\u0639<\/td>\n<td width=\"256\">40000 \u0645\u0645\/\u062f\u0642\u064a\u0642\u0629<\/td>\n<\/tr>\n<tr>\n<td width=\"152\">\u0627\u0644\u062d\u062f \u0627\u0644\u0623\u0642\u0635\u0649. \u0633\u0631\u0639\u0629 \u0627\u0644\u0639\u0645\u0644<\/td>\n<td width=\"256\">30000 \u0645\u0645\/\u062f\u0642\u064a\u0642\u0629<\/td>\n<\/tr>\n<tr>\n<td width=\"152\">\u0637\u0627\u0642\u0629 \u0639\u0645\u0648\u062f \u0627\u0644\u062f\u0648\u0631\u0627\u0646<\/td>\n<td width=\"256\">10\/12\/14<\/td>\n<\/tr>\n<tr>\n<td width=\"152\">\u0633\u0631\u0639\u0629 \u0639\u0645\u0648\u062f \u0627\u0644\u062f\u0648\u0631\u0627\u0646<\/td>\n<td width=\"256\">0-24000 \u062f\u0648\u0631\u0629 \u0641\u064a \u0627\u0644\u062f\u0642\u064a\u0642\u0629<\/td>\n<\/tr>\n<tr>\n<td width=\"152\">\u0645\u062d\u0631\u0643\u0627\u062a \u0627\u0644\u0623\u0642\u0631\u0627\u0635<\/td>\n<td width=\"256\">XY 1300W Yaskawa Motors Z AXIS1800W<\/td>\n<\/tr>\n<tr>\n<td width=\"152\">\u062c\u0647\u062f \u0627\u0644\u0639\u0645\u0644<\/td>\n<td width=\"256\">\u062a\u064a\u0627\u0631 \u0645\u062a\u0631\u062f\u062f 380 \u0641\u0648\u0644\u062a\/50\/60 \u0647\u0631\u062a\u0632\u060c 3 \u0641\u0648\u0644\u062a \u0641\u064a \u0627\u0644\u0633\u0627\u0639\u0629 (\u0627\u062e\u062a\u064a\u0627\u0631\u064a: 220 \u0641\u0648\u0644\u062a))<\/td>\n<\/tr>\n<tr>\n<td width=\"152\">\u0644\u063a\u0629 \u0627\u0644\u0623\u0648\u0627\u0645\u0631<\/td>\n<td width=\"256\">\u0627\u0644\u0631\u0645\u0632 G<\/td>\n<\/tr>\n<tr>\n<td width=\"152\">\u0646\u0638\u0627\u0645 \u0627\u0644\u062a\u0634\u063a\u064a\u0644<\/td>\n<td width=\"256\">\u0646\u0638\u0627\u0645 \u0627\u0644\u062a\u062d\u0643\u0645 Syntec \/ TPA\/OSAI\/\u0633\u064a\u0646\u062a\u064a\u0643<\/td>\n<\/tr>\n<tr>\n<td width=\"152\">\u0648\u0627\u062c\u0647\u0629 \u0627\u0644\u0643\u0645\u0628\u064a\u0648\u062a\u0631<\/td>\n<td width=\"256\">USB<\/td>\n<\/tr>\n<tr>\n<td width=\"152\">\u0630\u0627\u0643\u0631\u0629 \u0641\u0644\u0627\u0634<\/td>\n<td width=\"256\">512M<\/td>\n<\/tr>\n<tr>\n<td width=\"152\">\u0643\u0648\u0644\u064a\u062a<\/td>\n<td width=\"256\">HSKF63 ER40<\/td>\n<\/tr>\n<tr>\n<td width=\"152\">\u062f\u0642\u0629 X\u060c Y<\/td>\n<td width=\"256\">&lt;0.01 \u0645\u0645<\/td>\n<\/tr>\n<tr>\n<td width=\"152\">\u062a\u0648\u0627\u0641\u0642 \u0627\u0644\u0628\u0631\u0627\u0645\u062c<\/td>\n<td width=\"256\">\u00a0\u0628\u0631\u0646\u0627\u0645\u062c Powermill UG<\/td>\n<\/tr>\n<tr>\n<td width=\"152\">\u062f\u0631\u062c\u0629 \u062d\u0631\u0627\u0631\u0629 \u0628\u064a\u0626\u0629 \u0627\u0644\u062a\u0634\u063a\u064a\u0644<\/td>\n<td width=\"256\">0 - 45 \u062f\u0631\u062c\u0629 \u0645\u0626\u0648\u064a\u0629<\/td>\n<\/tr>\n<tr>\n<td width=\"152\">\u0627\u0644\u0631\u0637\u0648\u0628\u0629 \u0627\u0644\u0646\u0633\u0628\u064a\u0629<\/td>\n<td width=\"256\">30%\u00a0&#8211;\u00a075%<\/td>\n<\/tr>\n<tr>\n<td width=\"152\">\u062d\u062c\u0645 \u0627\u0644\u062a\u0639\u0628\u0626\u0629 \u0648\u0627\u0644\u062a\u063a\u0644\u064a\u0641<\/td>\n<td width=\"256\">5500 \u00d7 2100 \u00d7 2300 \u00d7 2300 \u0645\u0645<\/td>\n<\/tr>\n<tr>\n<td width=\"152\">\u0646.\u0648<\/td>\n<td width=\"256\">46000 \u0643\u062c\u0645<\/td>\n<\/tr>\n<tr>\n<td width=\"152\">\u062c. \u0648.<\/td>\n<td width=\"256\">48000 \u0643\u062c\u0645<\/td>\n<\/tr>\n<\/tbody>\n<\/table>\n<p>&nbsp;<\/p>","protected":false},"excerpt":{"rendered":"<p>\u0645\u0635\u0645\u0645\u0629 \u0644\u0644\u0645\u0646\u0627\u0632\u0644 \u0627\u0644\u062e\u0634\u0628\u064a\u0629 \u0627\u0644\u0642\u062f\u064a\u0645\u0629 \u0648\u0625\u0637\u0627\u0631\u0627\u062a \u0627\u0644\u0623\u062e\u0634\u0627\u0628 \u0628\u0633\u0639\u0629 \u0645\u062d\u0648\u0631 X \u0636\u062e\u0645\u0629 \u062a\u0628\u0644\u063a 18 \u0645\u062a\u0631\u064b\u0627 \u0648\u0628\u0646\u064a\u0629 \u062b\u0642\u064a\u0644\u0629 \u062a\u0632\u0646 48 \u0637\u0646\u064b\u0627. \u062a\u062f\u0639\u0645 \u0627\u0644\u0637\u0627\u0648\u0644\u0629 \u0627\u0644\u0645\u0635\u0646\u0648\u0639\u0629 \u0645\u0646 \u0627\u0644\u062d\u062f\u064a\u062f \u0627\u0644\u0632\u0647\u0631 \u0639\u0648\u0627\u0631\u0636 \u0643\u0628\u064a\u0631\u0629 \u0627\u0644\u062d\u062c\u0645 \u0645\u0639 \u062a\u062d\u0642\u064a\u0642 \u062f\u0642\u0629 \u00b1 0.01 \u0645\u0645 \u0639\u0628\u0631 \u0646\u0638\u0627\u0645 \u0645\u0624\u0627\u0632\u0631 Yaskawa \u0627\u0644\u0645\u0639\u0627\u064a\u0631 \u0628\u0627\u0644\u0644\u064a\u0632\u0631 (1300 \u0648\u0627\u0637 XY\/1800 \u0648\u0627\u0637 Z) \u0648\u0645\u063a\u0632\u0644 24 \u0643\u064a\u0644\u0648\u0648\u0627\u062a \u0641\u064a \u0627\u0644\u062f\u0642\u064a\u0642\u0629 (\u062e\u064a\u0627\u0631\u0627\u062a 10\/12\/14 \u0643\u064a\u0644\u0648\u0648\u0627\u062a). \u0642\u0637\u0639 \u0646\u062c\u0627\u0631\u0629 \u0645\u0639\u0642\u062f\u0629 \u0639\u0627\u0644\u064a\u0629 \u0627\u0644\u0633\u0631\u0639\u0629 (40 \u0645\/\u062f\u0642\u064a\u0642\u0629) \u0628\u0632\u0627\u0648\u064a\u0629 A120\u00b0\/ 245\u00b0 \u0627\u0644\u0642\u0635\u0648\u0649. \u0623\u062f\u0648\u0627\u062a \u0627\u0644\u062a\u062d\u0643\u0645 Syntec\/OSAI \u0627\u0644\u0645\u062b\u0628\u062a\u0629 \u0641\u064a \u0627\u0644\u0635\u0646\u0627\u0639\u0629 \u0645\u0639 \u062a\u0648\u0627\u0641\u0642 UG\/PowerMill \u0644\u062a\u0642\u0646\u064a\u0627\u062a \u0627\u0644\u0646\u062c\u0627\u0631\u0629 \u0627\u0644\u062a\u0642\u0644\u064a\u062f\u064a\u0629<\/p>","protected":false},"featured_media":1561,"template":"","meta":{"_gspb_post_css":""},"product_brand":[],"product_cat":[40],"product_tag":[],"class_list":{"0":"post-1560","1":"product","2":"type-product","3":"status-publish","4":"has-post-thumbnail","6":"product_cat-5-axis-cnc-router","8":"first","9":"instock","10":"shipping-taxable","11":"product-type-simple"},"_links":{"self":[{"href":"https:\/\/customcncrouter.com\/ar\/wp-json\/wp\/v2\/product\/1560","targetHints":{"allow":["GET"]}}],"collection":[{"href":"https:\/\/customcncrouter.com\/ar\/wp-json\/wp\/v2\/product"}],"about":[{"href":"https:\/\/customcncrouter.com\/ar\/wp-json\/wp\/v2\/types\/product"}],"wp:featuredmedia":[{"embeddable":true,"href":"https:\/\/customcncrouter.com\/ar\/wp-json\/wp\/v2\/media\/1561"}],"wp:attachment":[{"href":"https:\/\/customcncrouter.com\/ar\/wp-json\/wp\/v2\/media?parent=1560"}],"wp:term":[{"taxonomy":"product_brand","embeddable":true,"href":"https:\/\/customcncrouter.com\/ar\/wp-json\/wp\/v2\/product_brand?post=1560"},{"taxonomy":"product_cat","embeddable":true,"href":"https:\/\/customcncrouter.com\/ar\/wp-json\/wp\/v2\/product_cat?post=1560"},{"taxonomy":"product_tag","embeddable":true,"href":"https:\/\/customcncrouter.com\/ar\/wp-json\/wp\/v2\/product_tag?post=1560"}],"curies":[{"name":"wp","href":"https:\/\/api.w.org\/{rel}","templated":true}]}}