{"id":1551,"date":"2025-06-12T02:31:11","date_gmt":"2025-06-12T02:31:11","guid":{"rendered":"https:\/\/customcncrouter.com\/?post_type=product&#038;p=1551"},"modified":"2025-06-12T02:31:11","modified_gmt":"2025-06-12T02:31:11","slug":"customized-furniture-making-5-axis-cnc-router-center","status":"publish","type":"product","link":"https:\/\/customcncrouter.com\/ar\/customized-furniture-making-5-axis-cnc-router-center\/","title":{"rendered":"\u0645\u0631\u0643\u0632 \u0627\u0644\u062a\u0648\u062c\u064a\u0647 \u0628\u0627\u0633\u062a\u062e\u062f\u0627\u0645 \u0627\u0644\u062d\u0627\u0633\u0628 \u0627\u0644\u0622\u0644\u064a ST-1525 \u0627\u0644\u0645\u062e\u0635\u0635 \u0644\u0635\u0646\u0627\u0639\u0629 \u0627\u0644\u0623\u062b\u0627\u062b \u0630\u064a 5 \u0645\u062d\u0627\u0648\u0631 \u0628\u0627\u0633\u062a\u062e\u062f\u0627\u0645 \u0627\u0644\u062d\u0627\u0633\u0628 \u0627\u0644\u0622\u0644\u064a"},"content":{"rendered":"<p>\u064a\u0645\u0643\u0646 \u062a\u0637\u0628\u064a\u0642\u0647\u0627 \u0639\u0644\u0649 \u0627\u0644\u0623\u062b\u0627\u062b \u0627\u0644\u062e\u0634\u0628\u064a \u0627\u0644\u0635\u0644\u0628\u060c \u0648PVC\/PP\/PE\u060c \u0648ABS\u060c \u0648ABS\u060c \u0648\u0627\u0644\u0645\u0637\u0627\u0637\u060c \u0648\u0627\u0644\u0628\u0648\u0644\u064a \u064a\u0648\u0631\u064a\u062b\u064a\u0646\u060c \u0648\u0627\u0644\u0623\u0644\u064a\u0627\u0641 \u0627\u0644\u0632\u062c\u0627\u062c\u064a\u0629\u060c \u0648\u0623\u0644\u064a\u0627\u0641 \u0627\u0644\u0643\u0631\u0628\u0648\u0646 \u0648\u063a\u064a\u0631\u0647\u0627 \u0645\u0646 \u0627\u0644\u0645\u0648\u0627\u062f \u0627\u0644\u0645\u0631\u0643\u0628\u0629 \u0644\u0644\u062d\u0641\u0631\u060c \u0648\u0627\u0644\u0634\u0637\u0628\u060c \u0648\u0627\u0644\u062a\u062b\u0642\u064a\u0628\u060c \u0648\u062a\u062b\u0642\u064a\u0628 \u0627\u0644\u0623\u062e\u0627\u062f\u064a\u062f \u0648\u0627\u0644\u062e\u0637\u0627\u0641 \u0648\u063a\u064a\u0631\u0647\u0627 \u0645\u0646 \u0627\u0644\u0639\u0645\u0644\u064a\u0627\u062a \u0648\u0627\u0644\u0632\u0648\u0627\u064a\u0627 \u0627\u0644\u0645\u062a\u0639\u062f\u062f\u0629 \u0644\u0644\u0645\u0639\u0627\u0644\u062c\u0629 \u0639\u0627\u0644\u064a\u0629 \u0627\u0644\u062f\u0642\u0629 \u0648\u0627\u0644\u0643\u0641\u0627\u0621\u0629.<\/p>\n<table>\n<tbody>\n<tr>\n<td width=\"42\">\u0627\u0644\u0639\u062f\u062f<\/td>\n<td width=\"196\">\u0627\u0644\u0648\u0635\u0641<\/td>\n<td width=\"265\">\u0627\u0644\u0645\u0639\u0644\u0645\u0629<\/td>\n<\/tr>\n<tr>\n<td width=\"42\">1<\/td>\n<td width=\"196\">\u0645\u0646\u0637\u0642\u0629 \u0627\u0644\u0639\u0645\u0644 X\u060c Y\u060c Z<\/td>\n<td width=\"265\">1500*2500*600 \u0645\u0645<\/td>\n<\/tr>\n<tr>\n<td width=\"42\">2<\/td>\n<td width=\"196\">\u062d\u062c\u0645 \u0627\u0644\u062c\u062f\u0648\u0644<\/td>\n<td width=\"265\">2000 \u00d7 3500 \u0645\u0645<\/td>\n<\/tr>\n<tr>\n<td width=\"42\">3<\/td>\n<td width=\"196\">\u062f\u0642\u0629 \u062a\u062d\u062f\u064a\u062f \u0627\u0644\u0645\u0648\u0627\u0642\u0639 \u0627\u0644\u0645\u062a\u0646\u0642\u0644\u0629 X\u060c Y\u060c Z<\/td>\n<td width=\"265\">\u00b1 0.01\/600 \u0645\u0645<\/td>\n<\/tr>\n<tr>\n<td width=\"42\">4<\/td>\n<td width=\"196\">\u0627\u0644\u062f\u0648\u0627\u0631\u0629<\/td>\n<td width=\"265\">\u0623 110 \u062f\u0631\u062c\u0629 \u0645\u0626\u0648\u064a\u0629 110 \u062f\u0631\u062c\u0629 \u0645\u0626\u0648\u064a\u0629 220 \u062f\u0631\u062c\u0629<\/td>\n<\/tr>\n<tr>\n<td width=\"42\">5<\/td>\n<td width=\"196\">\u0633\u0637\u062d \u0627\u0644\u0637\u0627\u0648\u0644\u0629<\/td>\n<td width=\"265\">\u0637\u0627\u0648\u0644\u0629 \u062a\u0641\u0631\u064a\u063a \u0627\u0644\u0647\u0648\u0627\u0621 \u0645\u0639 \u0623\u0643\u0648\u0627\u0628 \u062a\u0641\u0631\u064a\u063a \u0627\u0644\u0647\u0648\u0627\u0621 \u0644\u0625\u0635\u0644\u0627\u062d \u0627\u0644\u0623\u062b\u0627\u062b \u0627\u0644\u0635\u063a\u064a\u0631<\/td>\n<\/tr>\n<tr>\n<td width=\"42\">6<\/td>\n<td width=\"196\">\u0627\u0644\u0625\u0637\u0627\u0631<\/td>\n<td width=\"265\">\u0647\u064a\u0643\u0644 \u0627\u0644\u0623\u0646\u0628\u0648\u0628 \u0627\u0644\u0641\u0648\u0644\u0627\u0630\u064a \u0627\u0644\u0643\u0628\u064a\u0631 \u0645\u0639 \u0627\u0644\u0645\u0639\u0627\u0644\u062c\u0629 \u0627\u0644\u062d\u0631\u0627\u0631\u064a\u0629<\/td>\n<\/tr>\n<tr>\n<td width=\"42\">7<\/td>\n<td width=\"196\">\u0647\u064a\u0643\u0644 X\u060c Y<\/td>\n<td width=\"265\">\u0645\u062d\u0631\u0643 \u0627\u0644\u0631\u0641 \u0648\u0627\u0644\u062c\u0646\u0627\u062d\u060c \u0627\u0644\u0645\u062d\u0627\u0645\u0644 \u0627\u0644\u062e\u0637\u064a\u0629 \u0644\u0644\u0633\u0643\u0643 \u0627\u0644\u062d\u062f\u064a\u062f\u064a\u0629 Hiwin<\/td>\n<\/tr>\n<tr>\n<td width=\"42\">8<\/td>\n<td width=\"196\">\u0647\u064a\u0643\u0644 Z<\/td>\n<td width=\"265\">\u0627\u0644\u0645\u062d\u0627\u0645\u0644 \u0627\u0644\u062e\u0637\u064a\u0629 \u0644\u0644\u0633\u0643\u0643 \u0627\u0644\u062d\u062f\u064a\u062f\u064a\u0629 Hiwin \u0648\u0627\u0644\u0628\u0631\u0627\u063a\u064a \u0627\u0644\u0643\u0631\u0648\u064a\u0629<\/td>\n<\/tr>\n<tr>\n<td width=\"42\">9<\/td>\n<td width=\"196\">\u0627\u0644\u062d\u062f \u0627\u0644\u0623\u0642\u0635\u0649. \u0627\u0633\u062a\u0647\u0644\u0627\u0643 \u0627\u0644\u0637\u0627\u0642\u0629<\/td>\n<td width=\"265\">(\u0628\u062f\u0648\u0646 \u0645\u063a\u0632\u0644) 10 \u0643\u064a\u0644\u0648\u0648\u0627\u0637<\/td>\n<\/tr>\n<tr>\n<td width=\"42\">10<\/td>\n<td width=\"196\">\u0627\u0644\u062d\u062f \u0627\u0644\u0623\u0642\u0635\u0649 \u0645\u0639\u062f\u0644 \u0627\u0644\u0633\u0641\u0631 \u0627\u0644\u0633\u0631\u064a\u0639<\/td>\n<td width=\"265\">40000 \u0645\u0645\/\u062f\u0642\u064a\u0642\u0629<\/td>\n<\/tr>\n<tr>\n<td width=\"42\">11<\/td>\n<td width=\"196\">\u0627\u0644\u062d\u062f \u0627\u0644\u0623\u0642\u0635\u0649. \u0633\u0631\u0639\u0629 \u0627\u0644\u0639\u0645\u0644<\/td>\n<td width=\"265\">30000 \u0645\u0645\/\u062f\u0642\u064a\u0642\u0629<\/td>\n<\/tr>\n<tr>\n<td width=\"42\">12<\/td>\n<td width=\"196\">\u0637\u0627\u0642\u0629 \u0639\u0645\u0648\u062f \u0627\u0644\u062f\u0648\u0631\u0627\u0646<\/td>\n<td width=\"265\">12 \u0643\u064a\u0644\u0648 \u0648\u0627\u062a<\/td>\n<\/tr>\n<tr>\n<td width=\"42\">13<\/td>\n<td width=\"196\">\u0633\u0631\u0639\u0629 \u0639\u0645\u0648\u062f \u0627\u0644\u062f\u0648\u0631\u0627\u0646<\/td>\n<td width=\"265\">0-24000 \u062f\u0648\u0631\u0629 \u0641\u064a \u0627\u0644\u062f\u0642\u064a\u0642\u0629<\/td>\n<\/tr>\n<tr>\n<td width=\"42\">14<\/td>\n<td width=\"196\">\u0645\u062d\u0631\u0643\u0627\u062a \u0627\u0644\u0623\u0642\u0631\u0627\u0635<\/td>\n<td width=\"265\">\u00a0\u064a\u0627\u0633\u0643\u0627\u0648\u0627 \u0645\u0648\u062a\u0648\u0631\u0632<\/td>\n<\/tr>\n<tr>\n<td width=\"42\">15<\/td>\n<td width=\"196\">\u062c\u0647\u062f \u0627\u0644\u0639\u0645\u0644<\/td>\n<td width=\"265\">\u062a\u064a\u0627\u0631 \u0645\u062a\u0631\u062f\u062f 380 \u0641\u0648\u0644\u062a\/50\/60 \u0647\u0631\u062a\u0632\u060c 3 \u0641\u0648\u0644\u062a \u0641\u064a \u0627\u0644\u0633\u0627\u0639\u0629 (\u0627\u062e\u062a\u064a\u0627\u0631\u064a: 220 \u0641\u0648\u0644\u062a))<\/td>\n<\/tr>\n<tr>\n<td width=\"42\">16<\/td>\n<td width=\"196\">\u0644\u063a\u0629 \u0627\u0644\u0623\u0648\u0627\u0645\u0631<\/td>\n<td width=\"265\">\u0627\u0644\u0631\u0645\u0632 G<\/td>\n<\/tr>\n<tr>\n<td width=\"42\">17<\/td>\n<td width=\"196\">\u0646\u0638\u0627\u0645 \u0627\u0644\u062a\u0634\u063a\u064a\u0644<\/td>\n<td width=\"265\">\u0646\u0638\u0627\u0645 \u0627\u0644\u062a\u062d\u0643\u0645 \u0641\u064a \u0633\u064a\u0646\u062a\u064a\u0643\/\u0627\u0644\u062a\u062d\u0643\u0645 \u0641\u064a \u0627\u0644\u0637\u0627\u0642\u0629\/\u0648\u0633\u0627\u064a<\/td>\n<\/tr>\n<tr>\n<td width=\"42\">18<\/td>\n<td width=\"196\">\u0648\u0627\u062c\u0647\u0629 \u0627\u0644\u0643\u0645\u0628\u064a\u0648\u062a\u0631<\/td>\n<td width=\"265\">USB<\/td>\n<\/tr>\n<tr>\n<td width=\"42\">19<\/td>\n<td width=\"196\">\u0630\u0627\u0643\u0631\u0629 \u0641\u0644\u0627\u0634<\/td>\n<td width=\"265\">512M<\/td>\n<\/tr>\n<tr>\n<td width=\"42\">20<\/td>\n<td width=\"196\">\u0643\u0648\u0644\u064a\u062a<\/td>\n<td width=\"265\">HSK-F63<\/td>\n<\/tr>\n<tr>\n<td width=\"42\">21<\/td>\n<td width=\"196\">\u062f\u0642\u0629 X\u060c Y<\/td>\n<td width=\"265\">&lt;0.01 \u0645\u0645<\/td>\n<\/tr>\n<tr>\n<td width=\"42\">22<\/td>\n<td width=\"196\">\u062a\u0648\u0627\u0641\u0642 \u0627\u0644\u0628\u0631\u0627\u0645\u062c<\/td>\n<td width=\"265\">\u0628\u0631\u0646\u0627\u0645\u062c Type3\/UcancameV9 Powermill UG \u0645\u0646 \u0627\u0644\u0646\u0648\u0639 9<\/td>\n<\/tr>\n<tr>\n<td width=\"42\">23<\/td>\n<td width=\"196\">\u062f\u0631\u062c\u0629 \u062d\u0631\u0627\u0631\u0629 \u0628\u064a\u0626\u0629 \u0627\u0644\u062a\u0634\u063a\u064a\u0644<\/td>\n<td width=\"265\">0 - 45 \u062f\u0631\u062c\u0629 \u0645\u0626\u0648\u064a\u0629<\/td>\n<\/tr>\n<tr>\n<td width=\"42\">24<\/td>\n<td width=\"196\">\u0627\u0644\u0631\u0637\u0648\u0628\u0629 \u0627\u0644\u0646\u0633\u0628\u064a\u0629<\/td>\n<td width=\"265\">30%\u00a0&#8211;\u00a075%<\/td>\n<\/tr>\n<tr>\n<td width=\"42\">25<\/td>\n<td width=\"196\">\u062d\u062c\u0645 \u0627\u0644\u062a\u0639\u0628\u0626\u0629 \u0648\u0627\u0644\u062a\u063a\u0644\u064a\u0641<\/td>\n<td width=\"265\">5500 \u00d7 2100 \u00d7 2300 \u00d7 2300 \u0645\u0645<\/td>\n<\/tr>\n<tr>\n<td width=\"42\">26<\/td>\n<td width=\"196\">\u0646.\u0648<\/td>\n<td width=\"265\">5000 \u0643\u062c\u0645<\/td>\n<\/tr>\n<tr>\n<td width=\"42\">27<\/td>\n<td width=\"196\">\u062c. \u0648.<\/td>\n<td width=\"265\">6000 \u0643\u064a\u0644\u0648 \u062c\u0631\u0627\u0645<\/td>\n<\/tr>\n<tr>\n<td rowspan=\"6\" width=\"42\">28<\/td>\n<td rowspan=\"6\" width=\"196\">\u0627\u0644\u0623\u062c\u0632\u0627\u0621 \u0627\u0644\u0627\u062e\u062a\u064a\u0627\u0631\u064a\u0629<\/td>\n<td width=\"265\">\u0645\u062c\u0645\u0651\u0639 \u0627\u0644\u063a\u0628\u0627\u0631\/\u063a\u0637\u0627\u0621 \u0627\u0644\u063a\u0628\u0627\u0631 \u0644\u062b\u0644\u0627\u062b\u0629 \u0645\u062d\u0627\u0648\u0631<\/td>\n<\/tr>\n<tr>\n<td width=\"265\">\u0645\u0636\u062e\u0629 \u062a\u0641\u0631\u064a\u063a \u0627\u0644\u0647\u0648\u0627\u0621<\/td>\n<\/tr>\n<tr>\n<td width=\"265\">\u0646\u0638\u0627\u0645 \u062f\u0648\u0651\u0627\u0631<\/td>\n<\/tr>\n<tr>\n<td width=\"265\">\u0646\u0638\u0627\u0645 \u0627\u0644\u062a\u0628\u0631\u064a\u062f \u0628\u0627\u0644\u0636\u0628\u0627\u0628<\/td>\n<\/tr>\n<tr>\n<td width=\"265\">\u0645\u062d\u0631\u0643\u0627\u062a \u0645\u0624\u0627\u0632\u0631\u0629 \u062f\u0644\u062a\u0627\/\u0628\u0627\u0646\u0627\u0633\u0648\u0646\u064a\u0643<\/td>\n<\/tr>\n<tr>\n<td width=\"265\">\u0645\u063a\u0632\u0644 \u0643\u0648\u0644\u0648\u0645\u0628\u0648<\/td>\n<\/tr>\n<\/tbody>\n<\/table>\n<p>&nbsp;<\/p>","protected":false},"excerpt":{"rendered":"<p>\u0645\u0635\u0645\u0645\u0629 \u0644\u0645\u0639\u0627\u0644\u062c\u0629 \u0627\u0644\u062e\u0634\u0628 \u0627\u0644\u0635\u0644\u0628\u060c \u0648\u0627\u0644\u0628\u0644\u0627\u0633\u062a\u064a\u0643 PVC\/ABS\u060c \u0648\u0623\u0644\u064a\u0627\u0641 \u0627\u0644\u0643\u0631\u0628\u0648\u0646 (\u062f\u0642\u0629 \u00b1 0.01 \u0645\u0645). \u062a\u062a\u0645\u064a\u0632 \u0628\u062f\u0648\u0631\u0627\u0646 \u00b1 110 \u062f\u0631\u062c\u0629 \u0623\u0645\u0628\u064a\u0631\/\u00b1 220 \u062f\u0631\u062c\u0629 \u0645\u0626\u0648\u064a\u0629 \u0644\u0644\u0646\u062c\u0627\u0631\u0629 \u0627\u0644\u0645\u0639\u0642\u062f\u0629\u060c \u0648\u0627\u0644\u0646\u0642\u0648\u0634 \u062b\u0644\u0627\u062b\u064a\u0629 \u0627\u0644\u0623\u0628\u0639\u0627\u062f\u060c \u0648\u0627\u0644\u062d\u0641\u0631. \u0637\u0627\u0648\u0644\u0629 \u062a\u0641\u0631\u064a\u063a \u0645\u064f\u062d\u0633\u0651\u0646\u0629 \u0644\u0644\u0623\u062b\u0627\u062b \u0644\u062a\u062b\u0628\u064a\u062a \u0642\u0637\u0639 \u0627\u0644\u0639\u0645\u0644 \u0627\u0644\u0635\u063a\u064a\u0631\u0629. \u062a\u0648\u0641\u0631 \u0645\u062d\u0631\u0643\u0627\u062a Yaskawa \u0627\u0644\u0645\u0645\u062a\u0627\u0632\u0629 + \u0639\u0645\u0648\u062f \u062f\u0648\u0631\u0627\u0646 24 \u0623\u0644\u0641 \u062f\u0648\u0631\u0629 \u0641\u064a \u0627\u0644\u062f\u0642\u064a\u0642\u0629 \u0633\u0631\u0639\u0627\u062a \u0642\u0637\u0639 40 \u0645\/\u062f\u0642\u064a\u0642\u0629. \u0625\u0637\u0627\u0631 \u0641\u0648\u0644\u0627\u0630\u064a \u0645\u0639\u0627\u0644\u062c \u0628\u0627\u0644\u062d\u0631\u0627\u0631\u0629 \u064a\u0636\u0645\u0646 \u0627\u0644\u062b\u0628\u0627\u062a \u0623\u062b\u0646\u0627\u0621 \u0639\u0645\u0644\u064a\u0627\u062a \u0627\u0644\u062a\u0634\u063a\u064a\u0644 \u0627\u0644\u062b\u0642\u064a\u0644\u0629 \u0627\u0644\u062a\u064a \u062a\u0632\u0646 5 \u0623\u0637\u0646\u0627\u0646.<\/p>","protected":false},"featured_media":1553,"template":"","meta":{"_gspb_post_css":""},"product_brand":[],"product_cat":[40],"product_tag":[],"class_list":{"0":"post-1551","1":"product","2":"type-product","3":"status-publish","4":"has-post-thumbnail","6":"product_cat-5-axis-cnc-router","8":"first","9":"instock","10":"shipping-taxable","11":"product-type-simple"},"_links":{"self":[{"href":"https:\/\/customcncrouter.com\/ar\/wp-json\/wp\/v2\/product\/1551","targetHints":{"allow":["GET"]}}],"collection":[{"href":"https:\/\/customcncrouter.com\/ar\/wp-json\/wp\/v2\/product"}],"about":[{"href":"https:\/\/customcncrouter.com\/ar\/wp-json\/wp\/v2\/types\/product"}],"wp:featuredmedia":[{"embeddable":true,"href":"https:\/\/customcncrouter.com\/ar\/wp-json\/wp\/v2\/media\/1553"}],"wp:attachment":[{"href":"https:\/\/customcncrouter.com\/ar\/wp-json\/wp\/v2\/media?parent=1551"}],"wp:term":[{"taxonomy":"product_brand","embeddable":true,"href":"https:\/\/customcncrouter.com\/ar\/wp-json\/wp\/v2\/product_brand?post=1551"},{"taxonomy":"product_cat","embeddable":true,"href":"https:\/\/customcncrouter.com\/ar\/wp-json\/wp\/v2\/product_cat?post=1551"},{"taxonomy":"product_tag","embeddable":true,"href":"https:\/\/customcncrouter.com\/ar\/wp-json\/wp\/v2\/product_tag?post=1551"}],"curies":[{"name":"wp","href":"https:\/\/api.w.org\/{rel}","templated":true}]}}